{"id":953,"date":"2018-07-02T18:39:07","date_gmt":"2018-07-02T21:39:07","guid":{"rendered":"https:\/\/isfd814-chu.infd.edu.ar\/sitio\/profesorado-de-artes-visuales\/"},"modified":"2023-05-08T20:09:22","modified_gmt":"2023-05-08T23:09:22","slug":"profesorado-de-artes-visuales","status":"publish","type":"page","link":"https:\/\/isfd814-chu.infd.edu.ar\/sitio\/profesorado-de-artes-visuales\/","title":{"rendered":"Profesorado de Artes Visuales"},"content":{"rendered":"<h2 style=\"text-align: center;\"><span style=\"color: #0000ff;\">Profesorado de Artes Visuales<\/span><\/h2>\n<p><span style=\"font-family: Arial, sans-serif;\"><span style=\"font-size: large;\"><i><b>Descripci\u00f3n de la Carrera<\/b><\/i><\/span><\/span><\/p>\n<p><span style=\"font-family: Arial, sans-serif;\"><span style=\"font-size: large;\">Denominaci\u00f3n: Profesorado de Artes Visuales<br \/>Titulo a otorgar: Profesor\/a de Artes Visuales<br \/>Duraci\u00f3n de la carrera: 4 (cuatro) a\u00f1os acad\u00e9micos<br \/>Carga horaria total de la carrera: 4320 horas c\u00e1tedra \/ 2880 horas reloj<br \/>Nivel o modalidad para el cual habilita: Educaci\u00f3n Art\u00edstica; Educaci\u00f3n Inicial, Educaci\u00f3n Primaria, Educaci\u00f3n Secundaria, Educaci\u00f3n Especial<\/span><\/span><\/p>\n<p><span style=\"font-family: Arial, sans-serif;\"><span style=\"font-size: large;\"><i><b>Perfil del\/de la egresado\/a del Profesorado de Artes Visuales<\/b><\/i><\/span><\/span><\/p>\n<p><span style=\"font-family: Arial, sans-serif;\"><span style=\"font-size: large;\">El perfil del\/de la egresado\/a es el conjunto de caracter\u00edsticas que los estudiantes deben lograr al finalizar su proceso de formaci\u00f3n docente. Se constituye en un referente para los formadores que acompa\u00f1an el proceso y para los que tienen la responsabilidad de asumir las decisiones de pol\u00edtica\u00a0<\/span><\/span><span style=\"font-family: Arial, sans-serif;\"><span style=\"font-size: large;\">educativa. Re\u00fane las intencionalidades y aspiraciones que orientan la Formaci\u00f3n Docente Inicial considerando, los principios y objetivos de la Educaci\u00f3n Superior y las demandas provinciales, nacionales y mundiales a la profesi\u00f3n docente.<\/span><\/span><\/p>\n<p align=\"left\"><span style=\"font-family: Arial, sans-serif;\"><span style=\"font-size: large;\">En este apartado se expresar\u00e1n las caracter\u00edsticas generales relacionadas con la modalidad, para especificar luego las particularidades de cada una de las carreras relacionadas con cada lenguaje del \u00e1rea.<\/span><\/span><\/p>\n<p align=\"left\"><span style=\"font-family: Arial, sans-serif;\"><span style=\"font-size: large;\">Los\/as egresados\/as de la Formaci\u00f3n Docente Art\u00edstica ser\u00e1n capaces de:<\/span><\/span><\/p>\n<p><span style=\"font-size: large;\"><span style=\"font-family: Arial, serif;\">Desde este marco, se pretende construir una propuesta formativa que permita al futuro Docente de Artes Visuales:<\/span><\/span><\/p>\n<p align=\"left\">\u2013 <span style=\"font-size: large;\"><span style=\"font-family: Arial, serif;\">Conocer las diferentes dimensiones que fundamentan la formaci\u00f3n en artes visuales a partir de los aportes de la teor\u00eda contempor\u00e1nea.<\/span><\/span><\/p>\n<p align=\"left\">\u2013 <span style=\"font-size: large;\"><span style=\"font-family: Arial, serif;\">Realizar abordajes investigativos y\/o de resoluci\u00f3n de problem\u00e1ticas relacionadas con las artes visuales y el contexto institucional en donde se enmarca su pr\u00e1ctica profesional.<\/span><\/span><\/p>\n<p align=\"left\">\u2013 <span style=\"font-size: large;\"><span style=\"font-family: Arial, serif;\">Proyectar y concretar producciones visuales en el contexto \u00e1ulico y en otros.<\/span><\/span><\/p>\n<p align=\"left\">\u2013 <span style=\"font-size: large;\"><span style=\"font-family: Arial, serif;\">Operar con los elementos del lenguaje visual en funci\u00f3n de la elaboraci\u00f3n de un discurso propio, representativo de la cultura en la cual est\u00e1 inmerso.<\/span><\/span><\/p>\n<p align=\"left\">\u2013 <span style=\"font-size: large;\"><span style=\"font-family: Arial, serif;\">Producir recursos did\u00e1cticos, seleccionar, organizar y secuenciar propuestas espec\u00edficas del lenguaje visual.<\/span><\/span><\/p>\n<p align=\"left\">\u2013 <span style=\"font-size: large;\"><span style=\"font-family: Arial, serif;\">Valorar del trabajo en equipo como \u00e1mbito de intercambio de experiencias y de conocimientos a fin de fortalecer sus pr\u00e1cticas, las de sus pares, la oferta pedag\u00f3gica de la instituci\u00f3n a la cual pertenece, asumiendo una actitud de predisposici\u00f3n para aportar al trabajo cooperativo.<\/span><\/span><\/p>\n<p align=\"left\">\u2013 <span style=\"font-size: large;\"><span style=\"font-family: Arial, serif;\">Asumir la responsabilidad de actuar como Profesionales Docentes especializados en Artes Visuales, con conocimientos art\u00edsticos y pedag\u00f3gicos para desempe\u00f1arse en todos los niveles de la ense\u00f1anza para los cuales ha sido formado.<\/span><\/span><\/p>\n<p align=\"left\">\u2013 <span style=\"font-size: large;\"><span style=\"font-family: Arial, serif;\">Asumir una actitud de colaboraci\u00f3n en la gesti\u00f3n y administraci\u00f3n de pol\u00edticas culturales y\/o acciones referidas al \u00e1mbito de su competencia.<\/span><\/span><\/p>\n<p align=\"left\">\u2013 <span style=\"font-size: large;\"><span style=\"font-family: Arial, serif;\">Investigar su propia pr\u00e1ctica docente implicando al saber pedag\u00f3gico- did\u00e1ctico y al saber disciplinar.<\/span><\/span><\/p>\n<p align=\"left\">\u2013 <span style=\"font-size: large;\"><span style=\"font-family: Arial, serif;\">Concebir el conocimiento como una verdad relativa, producto de la construcci\u00f3n social contextuado en un momento hist\u00f3rico determinado.<\/span><\/span><\/p>\n<p align=\"left\">\u2013 <span style=\"font-size: large;\"><span style=\"font-family: Arial, serif;\">Participar en los organismos competentes para el desarrollo de la disciplina art\u00edstica en la cual se form\u00f3, en los contextos institucionales actuales.<\/span><\/span><\/p>\n<p align=\"left\">\u2013 <span style=\"font-size: large;\"><span style=\"font-family: Arial, serif;\">Incorporar las tics a sus pr\u00e1cticas pedag\u00f3gicas como herramientas necesarias para el desarrollo de competencias propias del lenguaje.<\/span><\/span><\/p>\n<p align=\"left\">\u2013 <span style=\"font-size: large;\"><span style=\"font-family: Arial, serif;\">Concebir a las Artes Visuales en la complejidad y la diversidad pudiendo pensarlas inter y transdisciplinariamente para realizar pr\u00e1cticas educativas democratizadoras de un conocimiento art\u00edstico desde todos los \u00e1mbitos disciplinares.<\/span><\/span><\/p>\n<p align=\"left\">\u2013 <span style=\"font-size: large;\"><span style=\"font-family: Arial, serif;\">Comprender las herramientas del lenguaje visual articuladas y contextualizadas en funci\u00f3n de una organizaron est\u00e9tica y narrativa.<\/span><\/span><\/p>\n<p align=\"left\">\u2013 <span style=\"font-size: large;\"><span style=\"font-family: Arial, serif;\">Desarrollar capacidades de crear propuestas pedag\u00f3gicas en constante vinculaci\u00f3n con el contexto regional que busquen propiciar el desarrollo de una mirada personal y colectiva en todos los niveles de desempe\u00f1o.<\/span><\/span><\/p>\n<p><span style=\"font-family: Arial, sans-serif;\"><span style=\"font-size: large;\"><i><b>Dise\u00f1o Curricular<\/b><\/i><\/span><\/span><\/p>\n<p><a href=\"https:\/\/isfd814-chu.infd.edu.ar\/sitio\/wp-content\/uploads\/sitio\/Anexo_I_DC_Profesorado_de_Artes_Visuales_1.pdf\">Anexo_I_DC_Profesorado_de_Artes_Visuales_1<\/a><\/p>\n<h4 style=\"text-align: center;\">Plan de estudios<\/h4>\n\n\n<figure class=\"wp-block-image size-full\"><img decoding=\"async\" loading=\"lazy\" width=\"816\" height=\"1344\" src=\"https:\/\/isfd814-chu.infd.edu.ar\/sitio\/wp-content\/uploads\/2023\/05\/Artes-Visuales-Plan-de-estudios.jpg\" alt=\"\" class=\"wp-image-3390\" srcset=\"https:\/\/isfd814-chu.infd.edu.ar\/sitio\/wp-content\/uploads\/2023\/05\/Artes-Visuales-Plan-de-estudios.jpg 816w, https:\/\/isfd814-chu.infd.edu.ar\/sitio\/wp-content\/uploads\/2023\/05\/Artes-Visuales-Plan-de-estudios-607x1000.jpg 607w, https:\/\/isfd814-chu.infd.edu.ar\/sitio\/wp-content\/uploads\/2023\/05\/Artes-Visuales-Plan-de-estudios-768x1265.jpg 768w\" sizes=\"(max-width: 816px) 100vw, 816px\" \/><\/figure>\n","protected":false},"excerpt":{"rendered":"<p>Profesorado de Artes Visuales Descripci\u00f3n de la Carrera Denominaci\u00f3n: Profesorado de Artes VisualesTitulo a otorgar: Profesor\/a de Artes VisualesDuraci\u00f3n de la carrera: 4 (cuatro) a\u00f1os acad\u00e9micosCarga horaria total de la carrera: 4320 horas c\u00e1tedra \/ 2880 horas relojNivel o modalidad para el cual habilita: Educaci\u00f3n Art\u00edstica; Educaci\u00f3n Inicial, Educaci\u00f3n Primaria, Educaci\u00f3n Secundaria, Educaci\u00f3n Especial Perfil &#8230; <a title=\"Profesorado de Artes Visuales\" class=\"read-more\" href=\"https:\/\/isfd814-chu.infd.edu.ar\/sitio\/profesorado-de-artes-visuales\/\" aria-label=\"More on Profesorado de Artes Visuales\">[+]<\/a><\/p>\n","protected":false},"author":48,"featured_media":0,"parent":0,"menu_order":0,"comment_status":"closed","ping_status":"closed","template":"","meta":[],"acf":[],"_links":{"self":[{"href":"https:\/\/isfd814-chu.infd.edu.ar\/sitio\/wp-json\/wp\/v2\/pages\/953"}],"collection":[{"href":"https:\/\/isfd814-chu.infd.edu.ar\/sitio\/wp-json\/wp\/v2\/pages"}],"about":[{"href":"https:\/\/isfd814-chu.infd.edu.ar\/sitio\/wp-json\/wp\/v2\/types\/page"}],"author":[{"embeddable":true,"href":"https:\/\/isfd814-chu.infd.edu.ar\/sitio\/wp-json\/wp\/v2\/users\/48"}],"replies":[{"embeddable":true,"href":"https:\/\/isfd814-chu.infd.edu.ar\/sitio\/wp-json\/wp\/v2\/comments?post=953"}],"version-history":[{"count":5,"href":"https:\/\/isfd814-chu.infd.edu.ar\/sitio\/wp-json\/wp\/v2\/pages\/953\/revisions"}],"predecessor-version":[{"id":3392,"href":"https:\/\/isfd814-chu.infd.edu.ar\/sitio\/wp-json\/wp\/v2\/pages\/953\/revisions\/3392"}],"wp:attachment":[{"href":"https:\/\/isfd814-chu.infd.edu.ar\/sitio\/wp-json\/wp\/v2\/media?parent=953"}],"curies":[{"name":"wp","href":"https:\/\/api.w.org\/{rel}","templated":true}]}}