{"id":947,"date":"2018-07-02T18:39:05","date_gmt":"2018-07-02T21:39:05","guid":{"rendered":"https:\/\/isfd814-chu.infd.edu.ar\/sitio\/autoridades\/"},"modified":"2025-05-26T20:31:16","modified_gmt":"2025-05-26T23:31:16","slug":"autoridades","status":"publish","type":"page","link":"https:\/\/isfd814-chu.infd.edu.ar\/sitio\/autoridades\/","title":{"rendered":"Autoridades"},"content":{"rendered":"<p style=\"padding-left: 40px;\"><span style=\"font-size: 12pt; font-family: tahoma,arial,helvetica,sans-serif;\"><span style=\"color: #cc6600;\"><span style=\"color: #333333;\">Director: <strong>Prof. Mar\u00eda de los Angeles Calero<br \/>\n<\/strong><\/span><\/span><\/span><span style=\"font-size: 12pt; font-family: tahoma,arial,helvetica,sans-serif;\"><span style=\"color: #cc6600;\"><span style=\"color: #333333;\">Vicedirectora:<strong> Prof. Gabriela Durand<br \/>\n<\/strong><\/span><\/span><\/span><span style=\"font-size: 12pt; font-family: tahoma,arial,helvetica,sans-serif;\"><span style=\"color: #cc6600;\"><span style=\"color: #333333;\">Secretaria Acad\u00e9mica: <strong>Prof. Natalia Manuel<br \/>\n<\/strong><\/span><\/span><\/span><span style=\"font-size: 12pt; font-family: tahoma,arial,helvetica,sans-serif;\"><span style=\"color: #cc6600;\"><span style=\"color: #333333;\">Secretario Administrativo:<strong> Prof. Pablo Esteban Acosta<\/strong><\/span><\/span><\/span><\/p>\n<p>&#8212;&#8212;&#8212;&#8212;&#8212;&#8212;&#8212;&#8212;&#8212;&#8212;&#8212;&#8212;&#8212;&#8212;&#8212;&#8212;&#8212;&#8212;&#8212;&#8212;&#8212;&#8212;&#8212;&#8212;&#8212;&#8212;&#8212;&#8212;&#8212;&#8212;&#8212;&#8212;&#8212;&#8212;-<\/p>\n<p style=\"padding-left: 40px;\"><span style=\"font-size: 12pt; font-family: tahoma,arial,helvetica,sans-serif;\"><span style=\"color: #cc6600;\"><span style=\"color: #333333;\">Coordinaci\u00f3n de Desarrollo Profesional Docente: <strong>Prof. Natacha Rodr\u00edguez<br \/>\n<\/strong><\/span><\/span><\/span><span style=\"font-size: 12pt; font-family: tahoma,arial,helvetica,sans-serif;\"><span style=\"color: #cc6600;\"><span style=\"color: #333333;\">Coordinaci\u00f3n de Investigaci\u00f3n Educativa: <strong>Prof. Luis Mar\u00eda Etcheverry<br \/>\n<\/strong><\/span><\/span><\/span><span style=\"font-size: 12pt; font-family: tahoma,arial,helvetica,sans-serif;\"><span style=\"color: #cc6600;\"><span style=\"color: #333333;\">Coordinaci\u00f3n de Pol\u00edticas Estudiantiles:<\/span><\/span><\/span> <strong><span style=\"font-size: 12pt; font-family: tahoma,arial,helvetica,sans-serif;\">Prof. Maia Delettiere<br \/>\n<\/span><\/strong><span style=\"font-size: 12pt; font-family: tahoma,arial,helvetica,sans-serif;\">Coordinaci\u00f3n Profesorado de Artes Visuales: <strong>Prof. Claudia Isabel Zamora<br \/>\n<\/strong><\/span><span style=\"font-size: 12pt; font-family: tahoma,arial,helvetica,sans-serif;\">Coordinaci\u00f3n Profesorado de M\u00fasica:\u00a0<strong> Prof. Laura Rodriguez Pelliza<br \/>\n<\/strong><\/span><span style=\"font-size: 12pt; font-family: tahoma,arial,helvetica,sans-serif;\"><span style=\"font-size: 12pt; font-family: tahoma,arial,helvetica,sans-serif;\">Coordinaci\u00f3n Profesorado de Teatro:<\/span><strong><span style=\"font-size: 12pt; font-family: tahoma,arial,helvetica,sans-serif;\"><strong> Prof. Jos\u00e9 Luis Zanzi<br \/>\n<\/strong><\/span><\/strong><\/span><span style=\"font-size: 12pt; font-family: tahoma,arial,helvetica,sans-serif;\"><span style=\"color: #cc6600;\"><span style=\"color: #333333;\">Coordinaci\u00f3n de elencos y extensi\u00f3n a la comunidad FAV: <strong>Prof. Cecilia Bellani<br \/>\n<\/strong><\/span><\/span><\/span><span style=\"font-size: 12pt; font-family: tahoma,arial,helvetica,sans-serif;\">Coordinaci\u00f3n de Carrera FAV de M\u00fasica:<strong>\u00a0Prof. Eduardo Angeleri<br \/>\n<\/strong><\/span><span style=\"font-size: 12pt; font-family: tahoma,arial,helvetica,sans-serif;\"><span style=\"font-size: 12pt; font-family: tahoma,arial,helvetica,sans-serif;\">Coordinaci\u00f3n de Carrera FAV de Teatro:<\/span><strong><span style=\"font-size: 12pt; font-family: tahoma,arial,helvetica,sans-serif;\"><strong> Prof.\u00a0Luna Cortes<br \/>\n<\/strong><\/span><\/strong><\/span><span style=\"font-size: 12pt; font-family: tahoma,arial,helvetica,sans-serif;\"><span style=\"font-size: 12pt; font-family: tahoma,arial,helvetica,sans-serif;\"><span style=\"font-size: 12pt; font-family: tahoma,arial,helvetica,sans-serif;\">Coordinaci\u00f3n de Carrera FAV de Artes Visuales:<\/span><\/span><strong><span style=\"font-size: 12pt; font-family: tahoma,arial,helvetica,sans-serif;\"><strong><span style=\"font-size: 12pt; font-family: tahoma,arial,helvetica,sans-serif;\"><strong>\u00a0Prof. Ana Monjeau<br \/>\n<\/strong><\/span><\/strong><\/span><\/strong><\/span><span style=\"font-size: 12pt; font-family: tahoma,arial,helvetica,sans-serif;\">Coordinaci\u00f3n de Carrera FAV Luther\u00eda:<strong> &#8211;<br \/>\n<\/strong><\/span><span style=\"font-size: 12pt; font-family: tahoma,arial,helvetica,sans-serif;\"><span style=\"font-family: tahoma,arial,helvetica,sans-serif;\">Coordinaci\u00f3n de Sede El Hoyo:<\/span><strong><span style=\"font-family: tahoma,arial,helvetica,sans-serif;\"> <strong>Prof. Romina Bord\u00f3n<\/strong><\/span><\/strong><\/span><\/p>\n<p><span style=\"font-size: 10pt;\"><span style=\"font-family: verdana,geneva;\"><strong>\u00a0<\/strong><\/span><\/span><\/p>\n","protected":false},"excerpt":{"rendered":"<p>Director: Prof. Mar\u00eda de los Angeles Calero Vicedirectora: Prof. Gabriela Durand Secretaria Acad\u00e9mica: Prof. Natalia Manuel Secretario Administrativo: Prof. Pablo Esteban Acosta &#8212;&#8212;&#8212;&#8212;&#8212;&#8212;&#8212;&#8212;&#8212;&#8212;&#8212;&#8212;&#8212;&#8212;&#8212;&#8212;&#8212;&#8212;&#8212;&#8212;&#8212;&#8212;&#8212;&#8212;&#8212;&#8212;&#8212;&#8212;&#8212;&#8212;&#8212;&#8212;&#8212;&#8212;- Coordinaci\u00f3n de Desarrollo Profesional Docente: Prof. Natacha Rodr\u00edguez Coordinaci\u00f3n de Investigaci\u00f3n Educativa: Prof. Luis Mar\u00eda Etcheverry Coordinaci\u00f3n de Pol\u00edticas Estudiantiles: Prof. Maia Delettiere Coordinaci\u00f3n Profesorado de Artes Visuales: Prof. Claudia Isabel Zamora &#8230; <a title=\"Autoridades\" class=\"read-more\" href=\"https:\/\/isfd814-chu.infd.edu.ar\/sitio\/autoridades\/\" aria-label=\"More on Autoridades\">[+]<\/a><\/p>\n","protected":false},"author":48,"featured_media":0,"parent":0,"menu_order":0,"comment_status":"closed","ping_status":"closed","template":"","meta":[],"acf":[],"_links":{"self":[{"href":"https:\/\/isfd814-chu.infd.edu.ar\/sitio\/wp-json\/wp\/v2\/pages\/947"}],"collection":[{"href":"https:\/\/isfd814-chu.infd.edu.ar\/sitio\/wp-json\/wp\/v2\/pages"}],"about":[{"href":"https:\/\/isfd814-chu.infd.edu.ar\/sitio\/wp-json\/wp\/v2\/types\/page"}],"author":[{"embeddable":true,"href":"https:\/\/isfd814-chu.infd.edu.ar\/sitio\/wp-json\/wp\/v2\/users\/48"}],"replies":[{"embeddable":true,"href":"https:\/\/isfd814-chu.infd.edu.ar\/sitio\/wp-json\/wp\/v2\/comments?post=947"}],"version-history":[{"count":17,"href":"https:\/\/isfd814-chu.infd.edu.ar\/sitio\/wp-json\/wp\/v2\/pages\/947\/revisions"}],"predecessor-version":[{"id":5676,"href":"https:\/\/isfd814-chu.infd.edu.ar\/sitio\/wp-json\/wp\/v2\/pages\/947\/revisions\/5676"}],"wp:attachment":[{"href":"https:\/\/isfd814-chu.infd.edu.ar\/sitio\/wp-json\/wp\/v2\/media?parent=947"}],"curies":[{"name":"wp","href":"https:\/\/api.w.org\/{rel}","templated":true}]}}