{"id":945,"date":"2018-07-02T18:39:04","date_gmt":"2018-07-02T21:39:04","guid":{"rendered":"https:\/\/isfd814-chu.infd.edu.ar\/sitio\/bedelia\/"},"modified":"2019-05-18T12:19:24","modified_gmt":"2019-05-18T15:19:24","slug":"bedelia","status":"publish","type":"page","link":"https:\/\/isfd814-chu.infd.edu.ar\/sitio\/bedelia\/","title":{"rendered":"Bedel\u00eda"},"content":{"rendered":"<p><a title=\"Reglamentaci\u00f3n para estudiantes\" href=\"upload\/Reglamentacion_isfda_814_1.pdf\" target=\"_blank\" rel=\"noopener\">Informaci\u00f3n importante para tener en cuenta:<\/a>\u00a0Inscripci\u00f3n, Asistencia, Reincorporacion, Acreditaci\u00f3n, Promoci\u00f3n, Equivalencias, etc<\/p>\n<p>&nbsp;<\/p>\n<p>&nbsp;<\/p>\n","protected":false},"excerpt":{"rendered":"<p>Informaci\u00f3n importante para tener en cuenta:\u00a0Inscripci\u00f3n, Asistencia, Reincorporacion, Acreditaci\u00f3n, Promoci\u00f3n, Equivalencias, etc &nbsp; &nbsp;<\/p>\n","protected":false},"author":48,"featured_media":0,"parent":0,"menu_order":0,"comment_status":"closed","ping_status":"closed","template":"","meta":[],"acf":[],"_links":{"self":[{"href":"https:\/\/isfd814-chu.infd.edu.ar\/sitio\/wp-json\/wp\/v2\/pages\/945"}],"collection":[{"href":"https:\/\/isfd814-chu.infd.edu.ar\/sitio\/wp-json\/wp\/v2\/pages"}],"about":[{"href":"https:\/\/isfd814-chu.infd.edu.ar\/sitio\/wp-json\/wp\/v2\/types\/page"}],"author":[{"embeddable":true,"href":"https:\/\/isfd814-chu.infd.edu.ar\/sitio\/wp-json\/wp\/v2\/users\/48"}],"replies":[{"embeddable":true,"href":"https:\/\/isfd814-chu.infd.edu.ar\/sitio\/wp-json\/wp\/v2\/comments?post=945"}],"version-history":[{"count":1,"href":"https:\/\/isfd814-chu.infd.edu.ar\/sitio\/wp-json\/wp\/v2\/pages\/945\/revisions"}],"predecessor-version":[{"id":1680,"href":"https:\/\/isfd814-chu.infd.edu.ar\/sitio\/wp-json\/wp\/v2\/pages\/945\/revisions\/1680"}],"wp:attachment":[{"href":"https:\/\/isfd814-chu.infd.edu.ar\/sitio\/wp-json\/wp\/v2\/media?parent=945"}],"curies":[{"name":"wp","href":"https:\/\/api.w.org\/{rel}","templated":true}]}}