{"id":943,"date":"2018-07-02T18:39:04","date_gmt":"2018-07-02T21:39:04","guid":{"rendered":"https:\/\/isfd814-chu.infd.edu.ar\/sitio\/datos-institucionales\/"},"modified":"2024-09-12T11:45:27","modified_gmt":"2024-09-12T14:45:27","slug":"datos-institucionales","status":"publish","type":"page","link":"https:\/\/isfd814-chu.infd.edu.ar\/sitio\/datos-institucionales\/","title":{"rendered":"Datos institucionales"},"content":{"rendered":"<h4 style=\"text-align: center;\">ESCUELA DE ARTES DE LA CORDILLERA<br \/>\nInstituto Superior de Formaci\u00f3n\u00a0Docente Art\u00edstica N\u00b0814 &#8211; Lago Puelo &#8211; Chubut<\/h4>\n<hr \/>\n<h4 style=\"text-align: center;\">Sede Lago Puelo<\/h4>\n<p style=\"text-align: center;\"><strong>Escuela 194 &#8211; Callej\u00f3n s\/n &#8211; Isla Sur &#8211; Lago Puelo &#8211; Provincia del Chubut<\/strong><br \/>\nHorario de atenci\u00f3n: <strong>Lunes a Viernes de 17 a 21 horas<\/strong><br \/>\nTel\u00e9fono: <strong>(0294) 449-9085<\/strong> &#8211; Correo electr\u00f3nico: <strong>814laisla@gmail.com<\/strong><\/p>\n<hr \/>\n<h4 style=\"text-align: center;\">Espacio a\u00falico Paraje Entre R\u00edos<\/h4>\n<p style=\"text-align: center;\"><strong>Escuela 109 &#8211; R.P. N\u00b016 Km 4,5 &#8211; Paraje Entre R\u00edos &#8211; Lago Puelo &#8211; Provincia del Chubut.<\/strong><br \/>\nHorario de atenci\u00f3n: <strong>Lunes a Viernes de 17 a 21 horas<\/strong><br \/>\nTel\u00e9fono: &#8211; Correo electr\u00f3nico: <strong>814lagopuelo@gmail.com<\/strong><\/p>\n<hr \/>\n<h4 style=\"text-align: center;\">Espacio a\u00falico Escuela 788<\/h4>\n<p style=\"text-align: center;\"><strong>Escuela 788 &#8211; R.P. N\u00b016 Km 4 &#8211; Paraje Entre R\u00edos &#8211; Lago Puelo &#8211; Provincia del Chubut<\/strong><br \/>\nHorario de atenci\u00f3n: <strong>Lunes a Viernes de 18.30 a 21 horas<\/strong><\/p>\n<hr \/>\n<h4 style=\"text-align: center;\">Anexo El Hoyo<\/h4>\n<p style=\"text-align: center;\"><strong>Escuela 223 &#8211; Los Duraznos y Las Rosas &#8211; El Hoyo &#8211; Provincia del Chubut<\/strong><br \/>\nHorario de atenci\u00f3n: <strong>Lunes a Viernes de 18.30 a 21 horas<\/strong><br \/>\nTel\u00e9fono: <strong>(0294) 447-1571<\/strong> &#8211; Correo electr\u00f3nico: <strong>814elhoyo@gmail.com<\/strong><\/p>\n<p><strong style=\"font-size: 10pt; font-family: verdana, geneva; text-align: left;\"><img decoding=\"async\" class=\"aligncenter\" title=\"ISFDA 814 - Lago Puelo\" src=\"https:\/\/isfd814-chu.infd.edu.ar\/sitio\/wp-content\/uploads\/2018\/07\/ISFDA814480.jpg\" alt=\"ISFDA 814 - Lago Puelo\" border=\"0\" \/><\/strong><\/p>\n","protected":false},"excerpt":{"rendered":"<p>ESCUELA DE ARTES DE LA CORDILLERA Instituto Superior de Formaci\u00f3n\u00a0Docente Art\u00edstica N\u00b0814 &#8211; Lago Puelo &#8211; Chubut Sede Lago Puelo Escuela 194 &#8211; Callej\u00f3n s\/n &#8211; Isla Sur &#8211; Lago Puelo &#8211; Provincia del Chubut Horario de atenci\u00f3n: Lunes a Viernes de 17 a 21 horas Tel\u00e9fono: (0294) 449-9085 &#8211; Correo electr\u00f3nico: 814laisla@gmail.com Espacio a\u00falico &#8230; <a title=\"Datos institucionales\" class=\"read-more\" href=\"https:\/\/isfd814-chu.infd.edu.ar\/sitio\/datos-institucionales\/\" aria-label=\"More on Datos institucionales\">[+]<\/a><\/p>\n","protected":false},"author":48,"featured_media":0,"parent":0,"menu_order":0,"comment_status":"closed","ping_status":"closed","template":"","meta":[],"acf":[],"_links":{"self":[{"href":"https:\/\/isfd814-chu.infd.edu.ar\/sitio\/wp-json\/wp\/v2\/pages\/943"}],"collection":[{"href":"https:\/\/isfd814-chu.infd.edu.ar\/sitio\/wp-json\/wp\/v2\/pages"}],"about":[{"href":"https:\/\/isfd814-chu.infd.edu.ar\/sitio\/wp-json\/wp\/v2\/types\/page"}],"author":[{"embeddable":true,"href":"https:\/\/isfd814-chu.infd.edu.ar\/sitio\/wp-json\/wp\/v2\/users\/48"}],"replies":[{"embeddable":true,"href":"https:\/\/isfd814-chu.infd.edu.ar\/sitio\/wp-json\/wp\/v2\/comments?post=943"}],"version-history":[{"count":9,"href":"https:\/\/isfd814-chu.infd.edu.ar\/sitio\/wp-json\/wp\/v2\/pages\/943\/revisions"}],"predecessor-version":[{"id":4597,"href":"https:\/\/isfd814-chu.infd.edu.ar\/sitio\/wp-json\/wp\/v2\/pages\/943\/revisions\/4597"}],"wp:attachment":[{"href":"https:\/\/isfd814-chu.infd.edu.ar\/sitio\/wp-json\/wp\/v2\/media?parent=943"}],"curies":[{"name":"wp","href":"https:\/\/api.w.org\/{rel}","templated":true}]}}