{"id":934,"date":"2018-07-02T18:39:00","date_gmt":"2018-07-02T21:39:00","guid":{"rendered":"https:\/\/isfd814-chu.infd.edu.ar\/sitio\/ni-una-menos\/"},"modified":"2024-06-03T23:12:07","modified_gmt":"2024-06-04T02:12:07","slug":"ni-una-menos","status":"publish","type":"page","link":"https:\/\/isfd814-chu.infd.edu.ar\/sitio\/ni-una-menos\/","title":{"rendered":"#Ni Una Menos"},"content":{"rendered":"<p>A nueve a\u00f1os de la primera convocatoria de mujeres y diversidades reclamando derechos y haci\u00e9ndose o\u00edr, hoy recordamos un nuevo aniversario de \u00abNi una Menos\u00bb.<\/p>\n<p>En este contexto de tanta crueldad y quita de derechos, desde el ISFDA 814, queremos conmemorar esta fecha a trav\u00e9s del arte. Compartimos esta obra de teatro denominada: \u00abDelirio\u00bb, escrita y protagonizada por actrices y bailarinas de la Comarca Andina, direcci\u00f3n: Andrea Vegazzi.<\/p>\n<p><iframe loading=\"lazy\" title=\"DeLirio (Obra Completa)\" width=\"1200\" height=\"675\" src=\"https:\/\/www.youtube.com\/embed\/qWeZnabbejs?feature=oembed\" frameborder=\"0\" allow=\"accelerometer; autoplay; clipboard-write; encrypted-media; gyroscope; picture-in-picture; web-share\" referrerpolicy=\"strict-origin-when-cross-origin\" allowfullscreen><\/iframe><\/p>\n<p>Hoy volvemos a decir \u00a1Ni una menos!<\/p>\n<hr \/>\n<p><a href=\"http:\/\/s1000050.ferozo.com\/wp-content\/uploads\/2015\/06\/liniersniunamenos.jpg\"><img decoding=\"async\" loading=\"lazy\" class=\"aligncenter wp-image-164 size-medium\" src=\"http:\/\/s1000050.ferozo.com\/wp-content\/uploads\/2015\/06\/liniersniunamenos-300x300.jpg\" alt=\"liniersniunamenos\" width=\"300\" height=\"300\" border=\"0\" \/><\/a><\/p>\n<p><span style=\"font-family: arial,helvetica,sans-serif; font-size: 12pt;\">\u00a0\u00a0\u00a0\u00a0\u00a0\u00a0<a href=\"http:\/\/niunamenos.com.ar\/\"> Ni\u00a0Una\u00a0Menos\u00a0<\/a>es\u00a0un grito colectivo contra la violencia machista. Surgi\u00f3 de la necesidad de decir \u201cbasta de femicidios\u201d, porque en Argentina cada 30 horas asesinan a\u00a0una\u00a0mujer s\u00f3lo por ser mujer. La convocatoria naci\u00f3 de un grupo de periodistas, activistas, artistas, pero creci\u00f3 cuando la sociedad la hizo suya y la convirti\u00f3 en\u00a0una\u00a0campa\u00f1a colectiva. A Ni\u00a0Una\u00a0Menos\u00a0se sumaron a miles de personas, cientos de organizaciones en todo el pa\u00eds, escuelas, militantes de todos los partidos pol\u00edticos. Porque el pedido\u00a0es\u00a0urgente y el cambio\u00a0es\u00a0posible,\u00a0Ni\u00a0Una\u00a0Menos\u00a0se instal\u00f3 en la agenda p\u00fablica y pol\u00edtica.<\/span><\/p>\n<p><span style=\"font-size: 10pt;\"><em><span style=\"font-family: arial,helvetica,sans-serif;\"><a href=\"http:\/\/s1000050.ferozo.com\/wp-content\/uploads\/2015\/06\/Ley_26485_y_Decreto_Reglamentario.pdf\">*Ley 26.485 y Decreto Reglamentario<\/a><\/span><\/em><\/span><\/p>\n<p><span style=\"font-size: 10pt;\"><em><span style=\"font-family: arial,helvetica,sans-serif;\"><a href=\"http:\/\/s1000050.ferozo.com\/wp-content\/uploads\/2015\/06\/documento_OK-1-1.pdf\">*Documento le\u00eddo el 3 de junio de 2016 en el Congreso <\/a><\/span><\/em><\/span><\/p>\n<hr style=\"width: 95%;\" width=\"95%\" \/>\n<p><span style=\"font-family: arial,helvetica,sans-serif; font-size: 12pt;\">\u00a0\u00a0\u00a0\u00a0\u00a0\u00a0 La <em><span style=\"color: #6600ff;\"><strong>Escuela de Artes de la Cordillera<\/strong><\/span><\/em> hace suyo este grito, y asume el compromiso de trabajar por una educaci\u00f3n igualitaria que promueva la prevenci\u00f3n de la violencia de g\u00e9nero.<\/span><\/p>\n<p><span style=\"font-family: arial,helvetica,sans-serif; font-size: 12pt;\">Invitamos a mirar el siguiente video y poder analizar los m\u00faltiples mensajes que se desprenden, los buscados por los\/las realizadores y los que no.<\/span><\/p>\n<p><iframe loading=\"lazy\" src=\"https:\/\/www.youtube.com\/embed\/Rn4PVsKXE5k?showinfo=0&amp;wmode=transparent\" width=\"560\" height=\"315\" frameborder=\"0\" allowfullscreen=\"allowfullscreen\"><\/iframe><\/p>\n<p><span style=\"font-size: 14pt;\">Jornada Institucional<br \/>\n<\/span><\/p>\n<p><span style=\"font-size: 12pt; font-family: arial,helvetica,sans-serif;\">El mi\u00e9rcoles 26 de octubre de 2016, se realiz\u00f3 en nuestro instituto la Jornada Institucional Educar en Igualdad: Prevenci\u00f3n y Erradicaci\u00f3n de la Violencia de G\u00e9nero. A continuaci\u00f3n se presenta la organizaci\u00f3n de dicha jornada, algunas im\u00e1genes y las voces de estudiantes y docentes en la producci\u00f3n final del trabajo realizado.<\/span><\/p>\n<p class=\"Titulo2\" style=\"text-align: left;\"><span style=\"font-family: arial,helvetica,sans-serif; font-size: 12pt;\">La escuela ante la violencia de g\u00e9nero<\/span><\/p>\n<p><span style=\"font-family: arial,helvetica,sans-serif; font-size: 12pt;\">En la vida cotidiana de la instituci\u00f3n educativa tiene lugar un proceso de construcci\u00f3n de un orden pedag\u00f3gico que contribuye a definir y conformar sujetos femeninos o masculinos a trav\u00e9s de la transmisi\u00f3n de un caudal espec\u00edfico de definiciones y relaciones de g\u00e9nero, que van pautando modos de comportamiento aceptados o no para cada g\u00e9nero. Pero al mismo tiempo la escuela puede aportar a la transformaci\u00f3n de las bases culturales, modificando aquellas concepciones y pr\u00e1cticas que se reproducen a trav\u00e9s de las matrices simb\u00f3licas y promoviendo iniciativas orientadas a generar condiciones para la igualdad de derechos y la convivencia saludable entre los g\u00e9neros. La producci\u00f3n de materiales did\u00e1cticos con enfoque de g\u00e9nero para todos los niveles educativos, producidos por el Programa Nacional de Educaci\u00f3n Sexual Integral en el marco de la Ley N.\u00ba 26.150 y los Lineamientos Curriculares, brinda un marco de referencia para seguir incluyendo y profundizando en esta mirada, sobre los contenidos y los materiales de ense\u00f1anza de todas las disciplinas. Asimismo es necesario revisar los modos de v\u00ednculo en las aulas, los usos del lenguaje y otros aspectos de la organizaci\u00f3n de la vida escolar cotidiana.<\/span><\/p>\n<p class=\"Titulo2\"><span style=\"font-family: arial,helvetica,sans-serif; font-size: 12pt;\">Producci\u00f3n de Estudiantes y Docentes en la Jornada<\/span><\/p>\n<p><span style=\"font-family: arial,helvetica,sans-serif; font-size: 12pt;\">\u00a0Tomando al instituto como motor y parte de una red comunitaria para promover acciones para la prevenci\u00f3n y la erradicaci\u00f3n de la violencia de g\u00e9nero, se propuso:<\/span><\/p>\n<p><span style=\"font-family: arial,helvetica,sans-serif; font-size: 12pt;\">A partir de la proyecci\u00f3n de un video,\u00a0 propiciar una reflexi\u00f3n conjunta en grupos. Luego de la reflexi\u00f3n, en cada grupo se elabor\u00f3 una frase y\/o consigna, promoviendo la participaci\u00f3n social del Instituto desde la voz de estudiantes y docentes ante la tem\u00e1tica de la Violencia de G\u00e9nero.<\/span><\/p>\n<p><audio src=\"https:\/\/isfd814-chu.infd.edu.ar\/aula\/archivos\/repositorio\/250\/479\/Audio_Jornada_VG.mp3\" controls=\"controls\"><\/audio><\/p>\n<p><span style=\"font-family: arial,helvetica,sans-serif; font-size: 12pt;\">Finalmente se debati\u00f3 y se relataron experiencias sobre:<\/span><\/p>\n<ul>\n<li><span style=\"font-family: arial,helvetica,sans-serif; font-size: 12pt;\">La desigualdad de g\u00e9nero y su naturalizaci\u00f3n en las pr\u00e1cticas educativas<\/span><\/li>\n<\/ul>\n<ul>\n<li><span style=\"font-family: arial,helvetica,sans-serif; font-size: 12pt;\">El lugar del cuerpo en la Educaci\u00f3n Art\u00edstica<\/span><\/li>\n<\/ul>\n<p><img decoding=\"async\" loading=\"lazy\" style=\"vertical-align: middle;\" src=\"https:\/\/isfd814-chu.infd.edu.ar\/aula\/archivos\/repositorio\/250\/487\/N1M0.jpg\" alt=\"\" width=\"392\" height=\"220\" border=\"0\" \/><\/p>\n<p><img decoding=\"async\" loading=\"lazy\" style=\"vertical-align: middle; border: 0;\" src=\"https:\/\/isfd814-chu.infd.edu.ar\/aula\/archivos\/repositorio\/250\/482\/N1M1.jpg\" alt=\"\" width=\"392\" height=\"220\" border=\"0\" \/><\/p>\n<p><img decoding=\"async\" loading=\"lazy\" style=\"vertical-align: middle; border: 0;\" src=\"https:\/\/isfd814-chu.infd.edu.ar\/aula\/archivos\/repositorio\/250\/483\/N1M2.jpg\" alt=\"\" width=\"392\" height=\"220\" border=\"0\" \/><\/p>\n<p><img decoding=\"async\" loading=\"lazy\" style=\"vertical-align: middle; border: 0;\" src=\"https:\/\/isfd814-chu.infd.edu.ar\/aula\/archivos\/repositorio\/250\/484\/N1M3.jpg\" alt=\"\" width=\"392\" height=\"220\" border=\"0\" \/><\/p>\n<p><img decoding=\"async\" loading=\"lazy\" style=\"vertical-align: middle; border: 0;\" src=\"https:\/\/isfd814-chu.infd.edu.ar\/aula\/archivos\/repositorio\/250\/486\/N1M4.jpg\" alt=\"\" width=\"392\" height=\"220\" border=\"0\" \/><\/p>\n<p><img decoding=\"async\" loading=\"lazy\" style=\"vertical-align: middle; border: 0;\" src=\"https:\/\/isfd814-chu.infd.edu.ar\/aula\/archivos\/repositorio\/250\/480\/N1M5.jpg\" alt=\"\" width=\"392\" height=\"220\" border=\"0\" \/><\/p>\n<p><img decoding=\"async\" loading=\"lazy\" style=\"vertical-align: middle; border: 0;\" src=\"https:\/\/isfd814-chu.infd.edu.ar\/aula\/archivos\/repositorio\/250\/481\/N1M6.jpg\" alt=\"\" width=\"392\" height=\"220\" border=\"0\" \/><\/p>\n<p><img decoding=\"async\" loading=\"lazy\" style=\"vertical-align: middle; border: 0;\" src=\"https:\/\/isfd814-chu.infd.edu.ar\/aula\/archivos\/repositorio\/250\/485\/N1M7.jpg\" alt=\"\" width=\"392\" height=\"220\" border=\"0\" \/><\/p>\n","protected":false},"excerpt":{"rendered":"<p>A nueve a\u00f1os de la primera convocatoria de mujeres y diversidades reclamando derechos y haci\u00e9ndose o\u00edr, hoy recordamos un nuevo aniversario de \u00abNi una Menos\u00bb. En este contexto de tanta crueldad y quita de derechos, desde el ISFDA 814, queremos conmemorar esta fecha a trav\u00e9s del arte. Compartimos esta obra de teatro denominada: \u00abDelirio\u00bb, escrita &#8230; <a title=\"#Ni Una Menos\" class=\"read-more\" href=\"https:\/\/isfd814-chu.infd.edu.ar\/sitio\/ni-una-menos\/\" aria-label=\"More on #Ni Una Menos\">[+]<\/a><\/p>\n","protected":false},"author":48,"featured_media":0,"parent":0,"menu_order":0,"comment_status":"closed","ping_status":"closed","template":"","meta":[],"acf":[],"_links":{"self":[{"href":"https:\/\/isfd814-chu.infd.edu.ar\/sitio\/wp-json\/wp\/v2\/pages\/934"}],"collection":[{"href":"https:\/\/isfd814-chu.infd.edu.ar\/sitio\/wp-json\/wp\/v2\/pages"}],"about":[{"href":"https:\/\/isfd814-chu.infd.edu.ar\/sitio\/wp-json\/wp\/v2\/types\/page"}],"author":[{"embeddable":true,"href":"https:\/\/isfd814-chu.infd.edu.ar\/sitio\/wp-json\/wp\/v2\/users\/48"}],"replies":[{"embeddable":true,"href":"https:\/\/isfd814-chu.infd.edu.ar\/sitio\/wp-json\/wp\/v2\/comments?post=934"}],"version-history":[{"count":1,"href":"https:\/\/isfd814-chu.infd.edu.ar\/sitio\/wp-json\/wp\/v2\/pages\/934\/revisions"}],"predecessor-version":[{"id":4318,"href":"https:\/\/isfd814-chu.infd.edu.ar\/sitio\/wp-json\/wp\/v2\/pages\/934\/revisions\/4318"}],"wp:attachment":[{"href":"https:\/\/isfd814-chu.infd.edu.ar\/sitio\/wp-json\/wp\/v2\/media?parent=934"}],"curies":[{"name":"wp","href":"https:\/\/api.w.org\/{rel}","templated":true}]}}