{"id":926,"date":"2018-07-02T18:38:58","date_gmt":"2018-07-02T21:38:58","guid":{"rendered":"https:\/\/isfd814-chu.infd.edu.ar\/sitio\/reglamentacion-vigente\/"},"modified":"2023-08-03T20:11:41","modified_gmt":"2023-08-03T23:11:41","slug":"reglamentacion-y-legislacion-vigente","status":"publish","type":"page","link":"https:\/\/isfd814-chu.infd.edu.ar\/sitio\/reglamentacion-y-legislacion-vigente\/","title":{"rendered":"Reglamentaci\u00f3n y Legislaci\u00f3n Vigente"},"content":{"rendered":"<h4>Haz clic en cada enlace para bajar el documento<\/h4>\n<ul>\n<li style=\"text-align: center;\"><em><a href=\"https:\/\/isfd814-chu.infd.edu.ar\/sitio\/wp-content\/uploads\/sitio\/Reglamento_Organico_Marco_de_la_Educacion_Superior-2.pdf\"><span style=\"color: #0000ff;\">Reglamento Org\u00e1nico Marco de la Educaci\u00f3n Superior<\/span><\/a><\/em><\/li>\n<li style=\"text-align: center;\"><em><a href=\"https:\/\/isfd814-chu.infd.edu.ar\/sitio\/wp-content\/uploads\/sitio\/Reglamento_Academico_Marco.pdf\">Reglamento Acad\u00e9mico Marco<\/a><\/em><\/li>\n<li style=\"text-align: center;\"><em>Reglamento Org\u00e1nico Institucional<\/em><\/li>\n<li style=\"text-align: center;\"><em>Reglamento Acad\u00e9mico Institucional<\/em><\/li>\n<li style=\"text-align: center;\"><em>Reglamento de Convivencia<\/em><\/li>\n<li style=\"text-align: center;\"><em><a href=\"https:\/\/isfd814-chu.infd.edu.ar\/sitio\/wp-content\/uploads\/sitio\/Ley_de_Educacion_Nacional_26.206.pdf\">Ley de Educaci\u00f3n Nacional 26.206<\/a><\/em><\/li>\n<li style=\"text-align: center;\"><em><a href=\"https:\/\/isfd814-chu.infd.edu.ar\/sitio\/wp-content\/uploads\/sitio\/Ley_Educacion_Chubut_9110.pdf\">Ley Educaci\u00f3n Chubut 91\/10<\/a><\/em><\/li>\n<li style=\"text-align: center;\"><em><a href=\"https:\/\/isfd814-chu.infd.edu.ar\/sitio\/wp-content\/uploads\/sitio\/3007.pdf\">Resoluci\u00f3n del Consejo Federal de Educaci\u00f3n N\u00b030\/07<\/a> y su <a href=\"https:\/\/isfd814-chu.infd.edu.ar\/sitio\/wp-content\/uploads\/sitio\/3007anexo01.pdf\">Anexo 01<\/a><\/em><\/li>\n<li style=\"text-align: center;\"><em><a href=\"https:\/\/isfd814-chu.infd.edu.ar\/sitio\/wp-content\/uploads\/sitio\/Resolucion_CFE_7208.pdf\">Resoluci\u00f3n del Consejo Federal N\u00b0 72\/08<\/a><\/em><\/li>\n<li style=\"text-align: center;\"><em>y sus anexos<\/em><\/li>\n<li style=\"text-align: center;\"><em><span style=\"font-size: 12pt;\"><strong>\u00a0<\/strong><\/span><a href=\"https:\/\/isfd814-chu.infd.edu.ar\/sitio\/wp-content\/uploads\/sitio\/Resolucion_CFE_7208_anexo_I.pdf\">Anexo I<\/a>, <a href=\"https:\/\/isfd814-chu.infd.edu.ar\/sitio\/wp-content\/uploads\/sitio\/Resolucion_CFE_7208_anexo_II.pdf\">Anexo II<\/a>, <a href=\"https:\/\/isfd814-chu.infd.edu.ar\/sitio\/wp-content\/uploads\/sitio\/Resolucion_CFE_7208_anexo_III.pdf\">Anexo III<\/a><\/em><\/li>\n<li style=\"text-align: center;\"><em><a href=\"https:\/\/isfd814-chu.infd.edu.ar\/sitio\/wp-content\/uploads\/sitio\/Resolucion_CFE_11110.pdf\">Resoluci\u00f3n del Consejo Federal de Educaci\u00f3n N\u00b0 111\/10<\/a><\/em><\/li>\n<li style=\"text-align: center;\"><em><a href=\"https:\/\/isfd814-chu.infd.edu.ar\/sitio\/wp-content\/uploads\/sitio\/Resolucion_CFE_11110_anexo_I.pdf\">y su Anexo I<\/a><\/em><\/li>\n<\/ul>\n<hr style=\"width: 99%;\" width=\"99%\" \/>\n<ul>\n<li><\/li>\n<\/ul>\n","protected":false},"excerpt":{"rendered":"<p>Haz clic en cada enlace para bajar el documento Reglamento Org\u00e1nico Marco de la Educaci\u00f3n Superior Reglamento Acad\u00e9mico Marco Reglamento Org\u00e1nico Institucional Reglamento Acad\u00e9mico Institucional Reglamento de Convivencia Ley de Educaci\u00f3n Nacional 26.206 Ley Educaci\u00f3n Chubut 91\/10 Resoluci\u00f3n del Consejo Federal de Educaci\u00f3n N\u00b030\/07 y su Anexo 01 Resoluci\u00f3n del Consejo Federal N\u00b0 72\/08 y &#8230; <a title=\"Reglamentaci\u00f3n y Legislaci\u00f3n Vigente\" class=\"read-more\" href=\"https:\/\/isfd814-chu.infd.edu.ar\/sitio\/reglamentacion-y-legislacion-vigente\/\" aria-label=\"More on Reglamentaci\u00f3n y Legislaci\u00f3n Vigente\">[+]<\/a><\/p>\n","protected":false},"author":48,"featured_media":0,"parent":0,"menu_order":0,"comment_status":"closed","ping_status":"closed","template":"","meta":[],"acf":[],"_links":{"self":[{"href":"https:\/\/isfd814-chu.infd.edu.ar\/sitio\/wp-json\/wp\/v2\/pages\/926"}],"collection":[{"href":"https:\/\/isfd814-chu.infd.edu.ar\/sitio\/wp-json\/wp\/v2\/pages"}],"about":[{"href":"https:\/\/isfd814-chu.infd.edu.ar\/sitio\/wp-json\/wp\/v2\/types\/page"}],"author":[{"embeddable":true,"href":"https:\/\/isfd814-chu.infd.edu.ar\/sitio\/wp-json\/wp\/v2\/users\/48"}],"replies":[{"embeddable":true,"href":"https:\/\/isfd814-chu.infd.edu.ar\/sitio\/wp-json\/wp\/v2\/comments?post=926"}],"version-history":[{"count":6,"href":"https:\/\/isfd814-chu.infd.edu.ar\/sitio\/wp-json\/wp\/v2\/pages\/926\/revisions"}],"predecessor-version":[{"id":3504,"href":"https:\/\/isfd814-chu.infd.edu.ar\/sitio\/wp-json\/wp\/v2\/pages\/926\/revisions\/3504"}],"wp:attachment":[{"href":"https:\/\/isfd814-chu.infd.edu.ar\/sitio\/wp-json\/wp\/v2\/media?parent=926"}],"curies":[{"name":"wp","href":"https:\/\/api.w.org\/{rel}","templated":true}]}}