{"id":921,"date":"2018-07-02T18:38:56","date_gmt":"2018-07-02T21:38:56","guid":{"rendered":"https:\/\/isfd814-chu.infd.edu.ar\/sitio\/concursos-docentes\/"},"modified":"2026-04-10T12:39:40","modified_gmt":"2026-04-10T15:39:40","slug":"concursos-docentes","status":"publish","type":"page","link":"https:\/\/isfd814-chu.infd.edu.ar\/sitio\/concursos-docentes\/","title":{"rendered":"Concursos docentes"},"content":{"rendered":"\n<p>La documentaci\u00f3n para la elaboraci\u00f3n de los proyectos se encuentran <strong><em>debajo de los documentos de llamado a concurso<\/em><\/strong> en esta misma p\u00e1gina.<\/p>\n\n\n\n<h5 class=\"wp-block-heading has-text-align-center has-accent-color has-text-color has-medium-font-size\"><strong>CONCURSOS VIGENTES<\/strong><\/h5>\n\n\n\n<div class=\"wp-block-file\"><object class=\"wp-block-file__embed\" data=\"https:\/\/isfd814-chu.infd.edu.ar\/sitio\/wp-content\/uploads\/2026\/04\/convocatoria-6.26-tercer-llamado-DANZAS.pdf\" type=\"application\/pdf\" style=\"width:100%;height:2000px\" aria-label=\"Incrustado de convocatoria-6.26-tercer-llamado-DANZAS.\"><\/object><a id=\"wp-block-file--media-b80bb027-91cb-4d24-b46d-d6fc37596753\" href=\"https:\/\/isfd814-chu.infd.edu.ar\/sitio\/wp-content\/uploads\/2026\/04\/convocatoria-6.26-tercer-llamado-DANZAS.pdf\">convocatoria-6.26-tercer-llamado-DANZAS<\/a><a href=\"https:\/\/isfd814-chu.infd.edu.ar\/sitio\/wp-content\/uploads\/2026\/04\/convocatoria-6.26-tercer-llamado-DANZAS.pdf\" class=\"wp-block-file__button wp-element-button\" download aria-describedby=\"wp-block-file--media-b80bb027-91cb-4d24-b46d-d6fc37596753\">Descarga<\/a><\/div>\n\n\n\n<div class=\"wp-block-file\"><object class=\"wp-block-file__embed\" data=\"https:\/\/isfd814-chu.infd.edu.ar\/sitio\/wp-content\/uploads\/2026\/04\/convocatoria-5.26-trompeta-orquesta.pdf\" type=\"application\/pdf\" style=\"width:100%;height:600px\" aria-label=\"Incrustado de convocatoria-5.26-trompeta-orquesta.\"><\/object><a id=\"wp-block-file--media-ead8e76b-2807-47ff-9e1c-d14b1f4628c0\" href=\"https:\/\/isfd814-chu.infd.edu.ar\/sitio\/wp-content\/uploads\/2026\/04\/convocatoria-5.26-trompeta-orquesta.pdf\">convocatoria-5.26-trompeta-orquesta<\/a><a href=\"https:\/\/isfd814-chu.infd.edu.ar\/sitio\/wp-content\/uploads\/2026\/04\/convocatoria-5.26-trompeta-orquesta.pdf\" class=\"wp-block-file__button wp-element-button\" download aria-describedby=\"wp-block-file--media-ead8e76b-2807-47ff-9e1c-d14b1f4628c0\">Descarga<\/a><\/div>\n\n\n\n<div class=\"wp-block-file\"><object class=\"wp-block-file__embed\" data=\"https:\/\/isfd814-chu.infd.edu.ar\/sitio\/wp-content\/uploads\/2026\/04\/convocatoria-4.26-cargo-Bedelia-223-y-194.pdf\" type=\"application\/pdf\" style=\"width:100%;height:600px\" aria-label=\"Incrustado de convocatoria-4.26-cargo-Bedelia-223-y-194.\"><\/object><a id=\"wp-block-file--media-d01e204e-6d5d-4b4d-ae2d-1b188cb13b9c\" href=\"https:\/\/isfd814-chu.infd.edu.ar\/sitio\/wp-content\/uploads\/2026\/04\/convocatoria-4.26-cargo-Bedelia-223-y-194.pdf\">convocatoria-4.26-cargo-Bedelia-223-y-194<\/a><a href=\"https:\/\/isfd814-chu.infd.edu.ar\/sitio\/wp-content\/uploads\/2026\/04\/convocatoria-4.26-cargo-Bedelia-223-y-194.pdf\" class=\"wp-block-file__button wp-element-button\" download aria-describedby=\"wp-block-file--media-d01e204e-6d5d-4b4d-ae2d-1b188cb13b9c\">Descarga<\/a><\/div>\n\n\n\n<p class=\"has-text-align-center\"><\/p>\n\n\n\n<hr class=\"wp-block-separator has-alpha-channel-opacity\"\/>\n\n\n\n<p class=\"has-text-align-center has-accent-color has-text-color has-medium-font-size\"><strong>Gu\u00eda para la elaboraci\u00f3n de proyectos<\/strong><\/p>\n\n\n\n<div class=\"wp-block-file\"><a id=\"wp-block-file--media-6a2b0b0a-5b46-4dff-8cf8-429ba6883302\" href=\"https:\/\/isfd814-chu.infd.edu.ar\/sitio\/wp-content\/uploads\/2022\/09\/Guia-para-la-elaboracion-de-proyectos.pdf\" target=\"_blank\" rel=\"noreferrer noopener\">Gu\u00eda para la Elaboraci\u00f3n de Proyectos<\/a><a href=\"https:\/\/isfd814-chu.infd.edu.ar\/sitio\/wp-content\/uploads\/2022\/09\/Guia-para-la-elaboracion-de-proyectos.pdf\" class=\"wp-block-file__button wp-element-button\" download aria-describedby=\"wp-block-file--media-6a2b0b0a-5b46-4dff-8cf8-429ba6883302\">Descarga<\/a><\/div>\n\n\n\n<p class=\"has-text-align-center has-accent-color has-text-color has-medium-font-size\"><strong>Documentos para la elaboraci\u00f3n de proyectos<\/strong><\/p>\n\n\n\n<div class=\"wp-block-file\"><a>Descriptor de Fav Canto 1 <\/a> <a class=\"wp-block-file__button wp-element-button\" href=https:\/\/isfd814-chu.infd.edu.ar\/sitio\/wp-content\/uploads\/2025\/06\/Descriptor_fav_CANTO-1.pdf\" download aria-describedby=\"wp-block-file--media-daefee9b-58db-4d37-ac75-c1d6e5c076f6\">Descarga<\/a><\/div>\n\n\n\n<div class=\"wp-block-file\"><a> Descriptor del FAV de Escultura<\/a> <a class=\"wp-block-file__button wp-element-button\" href=https:\/\/isfd814-chu.infd.edu.ar\/sitio\/wp-content\/uploads\/2025\/06\/Descriptor_fav_Escultura.pdf\" download aria-describedby=\"wp-block-file--media-43da4fcf-0c77-40c0-8f96-e30087e4b853\">Descarga<\/a><\/div>\n\n\n\n<div class=\"wp-block-file\"><a> Descriptor de FAV Guitarra <\/a> <a class=\"wp-block-file__button wp-element-button\"  href=https:\/\/isfd814-chu.infd.edu.ar\/sitio\/wp-content\/uploads\/2025\/06\/Descriptor_fav_GUITARRA.pdf\" download aria-describedby=\"wp-block-file--media-9a3c66ea-561f-4224-83aa-2ad9dc659d23\">Descarga<\/a><\/div>\n\n\n\n<div class=\"wp-block-file\"><a> Descriptor TAVI Visuales <\/a> <a class=\"wp-block-file__button wp-element-button\" href=https:\/\/isfd814-chu.infd.edu.ar\/sitio\/wp-content\/uploads\/2025\/06\/Descriptor_tavi_a_visuales.pdf\" download aria-describedby=\"wp-block-file--media-a002a8c5-f719-47fc-a8b5-52f47a138b38\">Descarga<\/a><\/div>\n\n\n\n<p class=\"has-text-align-center has-accent-color has-text-color has-medium-font-size\"><strong>Planillas de Evaluaci\u00f3n de Proyectos<\/strong><\/p>\n\n\n\n<div class=\"wp-block-file\"><a id=\"wp-block-file--media-42da4418-f605-4987-8c7e-982c628ab51c\" href=\"https:\/\/isfd814-chu.infd.edu.ar\/sitio\/wp-content\/uploads\/2023\/03\/Profesorado-Planilla-Evaluacion-Proyectos.pdf\" target=\"_blank\" rel=\"noreferrer noopener\">PROFESORADOS &#8211; Planilla de Evaluaci\u00f3n de Proyectos<\/a><a href=\"https:\/\/isfd814-chu.infd.edu.ar\/sitio\/wp-content\/uploads\/2023\/03\/Profesorado-Planilla-Evaluacion-Proyectos.pdf\" class=\"wp-block-file__button wp-element-button\" download aria-describedby=\"wp-block-file--media-42da4418-f605-4987-8c7e-982c628ab51c\">Descarga<\/a><\/div>\n\n\n\n<div class=\"wp-block-file\"><a id=\"wp-block-file--media-9fd2ed4e-4c94-477a-a0ff-0a5f4c9fbb99\" href=\"https:\/\/isfd814-chu.infd.edu.ar\/sitio\/wp-content\/uploads\/2025\/06\/planilla-de-evaluacion-FAV-2.pdf\" target=\"_blank\" rel=\"noreferrer noopener\">FAV &#8211; Planilla de Evaluaci\u00f3n de Proyectos<\/a><a href=\"https:\/\/isfd814-chu.infd.edu.ar\/sitio\/wp-content\/uploads\/2025\/06\/planilla-de-evaluacion-FAV-2.pdf\" class=\"wp-block-file__button wp-element-button\" download aria-describedby=\"wp-block-file--media-9fd2ed4e-4c94-477a-a0ff-0a5f4c9fbb99\">Descarga<\/a><\/div>\n\n\n\n<p class=\"has-text-align-center has-accent-color has-text-color has-medium-font-size\"><strong>Dise\u00f1os Curriculares<\/strong><\/p>\n\n\n\n<div class=\"wp-block-file\"><a id=\"wp-block-file--media-b20daf8d-5bbd-4d6b-8dad-76a982da2653\" href=\"https:\/\/isfd814-chu.infd.edu.ar\/sitio\/wp-content\/uploads\/2023\/02\/Anexo-I-DC-Profesorado-de-Danza-or.-D.-Folk.pdf\" target=\"_blank\" rel=\"noreferrer noopener\">Dise\u00f1o Curricular -Profesorado-de-Danza-Folkl\u00f3rica  <\/a><a href=\"https:\/\/isfd814-chu.infd.edu.ar\/sitio\/wp-content\/uploads\/2023\/02\/Anexo-I-DC-Profesorado-de-Danza-or.-D.-Folk.pdf\" class=\"wp-block-file__button wp-element-button\" download aria-describedby=\"wp-block-file--media-b20daf8d-5bbd-4d6b-8dad-76a982da2653\">Descarga<\/a><\/div>\n\n\n\n<div class=\"wp-block-file\"><a id=\"wp-block-file--media-8dc2abcc-ebe1-4b6c-b72e-4b68009ef072\" href=\"https:\/\/isfd814-chu.infd.edu.ar\/sitio\/wp-content\/uploads\/sitio\/Anexo_I_DC_Profesorado_de_Musica_1.pdf\" target=\"_blank\" rel=\"noreferrer noopener\">Dise\u00f1o Curricular 2017 Profesorado de Musica<\/a><a href=\"https:\/\/isfd814-chu.infd.edu.ar\/sitio\/wp-content\/uploads\/sitio\/Anexo_I_DC_Profesorado_de_Musica_1.pdf\" class=\"wp-block-file__button wp-element-button\" download aria-describedby=\"wp-block-file--media-8dc2abcc-ebe1-4b6c-b72e-4b68009ef072\">Descarga<\/a><\/div>\n\n\n\n<div class=\"wp-block-file\"><a id=\"wp-block-file--media-2fbd0b45-a641-4d6b-8a45-eba9ef47f697\" href=\"https:\/\/isfd814-chu.infd.edu.ar\/sitio\/wp-content\/uploads\/sitio\/Anexo_I_DC_Profesorado_de_Artes_Visuales_1.pdf\" target=\"_blank\" rel=\"noreferrer noopener\">Dise\u00f1o Curricular 2017 Profesorado de Artes Visuales<\/a><a href=\"https:\/\/isfd814-chu.infd.edu.ar\/sitio\/wp-content\/uploads\/sitio\/Anexo_I_DC_Profesorado_de_Artes_Visuales_1.pdf\" class=\"wp-block-file__button wp-element-button\" download aria-describedby=\"wp-block-file--media-2fbd0b45-a641-4d6b-8a45-eba9ef47f697\">Descarga<\/a><\/div>\n\n\n\n<div class=\"wp-block-file\"><a id=\"wp-block-file--media-affae465-d2c8-4fda-9ce8-c5a3c3b6878d\" href=\"https:\/\/isfd814-chu.infd.edu.ar\/sitio\/wp-content\/uploads\/sitio\/Anexo_I_DC_Profesorado_de_Teatro_1.pdf\" target=\"_blank\" rel=\"noreferrer noopener\">Dise\u00f1o Curricular 2017 Profesorado de Teatro<\/a><a href=\"https:\/\/isfd814-chu.infd.edu.ar\/sitio\/wp-content\/uploads\/sitio\/Anexo_I_DC_Profesorado_de_Teatro_1.pdf\" class=\"wp-block-file__button wp-element-button\" download aria-describedby=\"wp-block-file--media-affae465-d2c8-4fda-9ce8-c5a3c3b6878d\">Descarga<\/a><\/div>\n\n\n\n<h5 class=\"wp-block-heading has-text-align-center has-accent-color has-text-color\">Documentos institucionales<\/h5>\n\n\n\n<p><\/p>\n\n\n\n<div class=\"wp-block-file\"><a id=\"wp-block-file--media-834fa088-51d7-4592-b1c6-ae95f5400150\" href=\"https:\/\/isfd814-chu.infd.edu.ar\/sitio\/wp-content\/uploads\/2023\/03\/Proyecto-de-gestion-Lista-5-2022.pdf\" target=\"_blank\" rel=\"noreferrer noopener\">Proyecto-de-gestion-Lista-5-2022<\/a><a href=\"https:\/\/isfd814-chu.infd.edu.ar\/sitio\/wp-content\/uploads\/2023\/03\/Proyecto-de-gestion-Lista-5-2022.pdf\" class=\"wp-block-file__button wp-element-button\" download aria-describedby=\"wp-block-file--media-834fa088-51d7-4592-b1c6-ae95f5400150\">Descarga<\/a><\/div>\n\n\n\n<div class=\"wp-block-file\"><a id=\"wp-block-file--media-ccdca479-734a-4332-876c-a868a5e58514\" href=\"https:\/\/isfd814-chu.infd.edu.ar\/sitio\/wp-content\/uploads\/sitio\/Reglamento_Organico_Marco_de_la_Educacion_Superior-2.pdf\" target=\"_blank\" rel=\"noreferrer noopener\">Reglamento_Organico_Marco_de_la_Educacion_Superior (ROM)<\/a><a href=\"https:\/\/isfd814-chu.infd.edu.ar\/sitio\/wp-content\/uploads\/sitio\/Reglamento_Organico_Marco_de_la_Educacion_Superior-2.pdf\" class=\"wp-block-file__button wp-element-button\" download aria-describedby=\"wp-block-file--media-ccdca479-734a-4332-876c-a868a5e58514\">Descarga<\/a><\/div>\n\n\n\n<div class=\"wp-block-file\"><a id=\"wp-block-file--media-a5672758-f64a-4386-9be6-bac7fe332630\" href=\"https:\/\/isfd814-chu.infd.edu.ar\/sitio\/wp-content\/uploads\/sitio\/Reglamento_Academico_Marco_1.pdf\" target=\"_blank\" rel=\"noreferrer noopener\">Reglamento_Academico_Marco (RAM)<\/a><a href=\"https:\/\/isfd814-chu.infd.edu.ar\/sitio\/wp-content\/uploads\/sitio\/Reglamento_Academico_Marco_1.pdf\" class=\"wp-block-file__button wp-element-button\" download aria-describedby=\"wp-block-file--media-a5672758-f64a-4386-9be6-bac7fe332630\">Descarga<\/a><\/div>\n\n\n\n<h2 class=\"wp-block-heading has-text-align-center has-accent-color has-text-color has-medium-font-size\">Leyes y Resoluciones<\/h2>\n\n\n\n<div class=\"wp-block-file\"><a id=\"wp-block-file--media-450bd144-ba65-4052-b362-61a861323ff0\" href=\"https:\/\/isfd814-chu.infd.edu.ar\/sitio\/wp-content\/uploads\/sitio\/Resolucion_CFE_11110_anexo_I.pdf\" target=\"_blank\" rel=\"noreferrer noopener\">Resolucion_CFE_11110_anexo_I<\/a><a href=\"https:\/\/isfd814-chu.infd.edu.ar\/sitio\/wp-content\/uploads\/sitio\/Resolucion_CFE_11110_anexo_I.pdf\" class=\"wp-block-file__button wp-element-button\" download aria-describedby=\"wp-block-file--media-450bd144-ba65-4052-b362-61a861323ff0\">Descarga<\/a><\/div>\n\n\n\n<div class=\"wp-block-file\"><a id=\"wp-block-file--media-4cf745cd-cbf4-4201-82b8-11347f0dc9a8\" href=\"https:\/\/isfd814-chu.infd.edu.ar\/sitio\/wp-content\/uploads\/sitio\/Ley_de_Educacion_Nacional_26.206.pdf\" target=\"_blank\" rel=\"noreferrer noopener\">Ley_de_Educacion_Nacional_26.206<\/a><a href=\"https:\/\/isfd814-chu.infd.edu.ar\/sitio\/wp-content\/uploads\/sitio\/Ley_de_Educacion_Nacional_26.206.pdf\" class=\"wp-block-file__button wp-element-button\" download aria-describedby=\"wp-block-file--media-4cf745cd-cbf4-4201-82b8-11347f0dc9a8\">Descarga<\/a><\/div>\n\n\n\n<div class=\"wp-block-file\"><a id=\"wp-block-file--media-8e939dd2-229e-4fb8-84cb-b6851c11b0d3\" href=\"https:\/\/isfd814-chu.infd.edu.ar\/sitio\/wp-content\/uploads\/sitio\/Ley_Educacion_Chubut_9110.pdf\" target=\"_blank\" rel=\"noreferrer noopener\">Ley_Educacion_Chubut_9110<\/a><a href=\"https:\/\/isfd814-chu.infd.edu.ar\/sitio\/wp-content\/uploads\/sitio\/Ley_Educacion_Chubut_9110.pdf\" class=\"wp-block-file__button wp-element-button\" download aria-describedby=\"wp-block-file--media-8e939dd2-229e-4fb8-84cb-b6851c11b0d3\">Descarga<\/a><\/div>\n\n\n\n<h2 class=\"wp-block-heading\"><\/h2>\n\n\n\n<p class=\"has-text-align-center has-accent-color has-text-color has-medium-font-size\"><strong>Concursos anteriores<\/strong><\/p>\n\n\n\n<div class=\"wp-block-file\"><a id=\"wp-block-file--media-161aff3d-e53d-441a-b8c9-f52c9d083631\" href=\"https:\/\/isfd814-chu.infd.edu.ar\/sitio\/wp-content\/uploads\/2026\/03\/convocatoria-3.26.pdf\">convocatoria-3.26<\/a><a href=\"https:\/\/isfd814-chu.infd.edu.ar\/sitio\/wp-content\/uploads\/2026\/03\/convocatoria-3.26.pdf\" class=\"wp-block-file__button wp-element-button\" download aria-describedby=\"wp-block-file--media-161aff3d-e53d-441a-b8c9-f52c9d083631\">Descarga<\/a><\/div>\n\n\n\n<div class=\"wp-block-file\"><a id=\"wp-block-file--media-3cb19ead-8ed1-49ef-addb-da067e661d2b\" href=\"https:\/\/isfd814-chu.infd.edu.ar\/sitio\/wp-content\/uploads\/2026\/03\/convocatoria-2.26-con-erratas.pdf\">convocatoria-2.26-con-erratas<\/a><a href=\"https:\/\/isfd814-chu.infd.edu.ar\/sitio\/wp-content\/uploads\/2026\/03\/convocatoria-2.26-con-erratas.pdf\" class=\"wp-block-file__button wp-element-button\" download aria-describedby=\"wp-block-file--media-3cb19ead-8ed1-49ef-addb-da067e661d2b\">Descarga<\/a><\/div>\n\n\n\n<div class=\"wp-block-file\"><a id=\"wp-block-file--media-aceac050-3820-453f-ba0b-ce021f485e86\" href=\"https:\/\/isfd814-chu.infd.edu.ar\/sitio\/wp-content\/uploads\/2026\/02\/convocatoria-1.26-cargo-Bedelia.pdf\">convocatoria-1.26-cargo-Bedelia<\/a><a href=\"https:\/\/isfd814-chu.infd.edu.ar\/sitio\/wp-content\/uploads\/2026\/02\/convocatoria-1.26-cargo-Bedelia.pdf\" class=\"wp-block-file__button wp-element-button\" download aria-describedby=\"wp-block-file--media-aceac050-3820-453f-ba0b-ce021f485e86\">Descarga<\/a><\/div>\n\n\n\n<div class=\"wp-block-file\"><a id=\"wp-block-file--media-19685c15-6352-4b24-80a2-a114439242c5\" href=\"https:\/\/isfd814-chu.infd.edu.ar\/sitio\/wp-content\/uploads\/2025\/10\/convocatoria-16.25.pdf\" target=\"_blank\" rel=\"noreferrer noopener\">convocatoria-16.25<\/a><a href=\"https:\/\/isfd814-chu.infd.edu.ar\/sitio\/wp-content\/uploads\/2025\/10\/convocatoria-16.25.pdf\" class=\"wp-block-file__button wp-element-button\" download aria-describedby=\"wp-block-file--media-19685c15-6352-4b24-80a2-a114439242c5\">Descarga<\/a><\/div>\n\n\n\n<div class=\"wp-block-file\"><a id=\"wp-block-file--media-1d442eba-a9c4-4e87-878e-2bd25a9b2052\" href=\"https:\/\/isfd814-chu.infd.edu.ar\/sitio\/wp-content\/uploads\/2025\/09\/isfda814-convocatoria15.25.pdf\">isfda814-convocatoria15.25<\/a><a href=\"https:\/\/isfd814-chu.infd.edu.ar\/sitio\/wp-content\/uploads\/2025\/09\/isfda814-convocatoria15.25.pdf\" class=\"wp-block-file__button wp-element-button\" download aria-describedby=\"wp-block-file--media-1d442eba-a9c4-4e87-878e-2bd25a9b2052\">Descarga<\/a><\/div>\n\n\n\n<div class=\"wp-block-file\"><a id=\"wp-block-file--media-94c7192f-7aad-4b84-b239-a73acea89c1d\" href=\"https:\/\/isfd814-chu.infd.edu.ar\/sitio\/wp-content\/uploads\/2025\/08\/isfda814-convocatoria14.25.pdf\">isfda814-convocatoria14.25<\/a><a href=\"https:\/\/isfd814-chu.infd.edu.ar\/sitio\/wp-content\/uploads\/2025\/08\/isfda814-convocatoria14.25.pdf\" class=\"wp-block-file__button wp-element-button\" download aria-describedby=\"wp-block-file--media-94c7192f-7aad-4b84-b239-a73acea89c1d\">Descarga<\/a><\/div>\n\n\n\n<div class=\"wp-block-file\"><a id=\"wp-block-file--media-21d88f51-fc0b-4a47-9bac-b165bf395f83\" href=\"https:\/\/isfd814-chu.infd.edu.ar\/sitio\/wp-content\/uploads\/2025\/07\/convocatoria-12.25-RECTIFICADA.pdf\">convocatoria-12.25-RECTIFICADA<\/a><a href=\"https:\/\/isfd814-chu.infd.edu.ar\/sitio\/wp-content\/uploads\/2025\/07\/convocatoria-12.25-RECTIFICADA.pdf\" class=\"wp-block-file__button wp-element-button\" download aria-describedby=\"wp-block-file--media-21d88f51-fc0b-4a47-9bac-b165bf395f83\">Descarga<\/a><\/div>\n\n\n\n<div class=\"wp-block-file\"><a id=\"wp-block-file--media-863a4bfe-49f0-45a5-9ac8-c7303748e47e\" href=\"https:\/\/isfd814-chu.infd.edu.ar\/sitio\/wp-content\/uploads\/2025\/08\/isfda814-convocatoria13.25.pdf\">isfda814-convocatoria13.25<\/a><a href=\"https:\/\/isfd814-chu.infd.edu.ar\/sitio\/wp-content\/uploads\/2025\/08\/isfda814-convocatoria13.25.pdf\" class=\"wp-block-file__button wp-element-button\" download aria-describedby=\"wp-block-file--media-863a4bfe-49f0-45a5-9ac8-c7303748e47e\">Descarga<\/a><\/div>\n\n\n\n<div class=\"wp-block-file\"><a id=\"wp-block-file--media-b29271c3-e3d8-4ed9-a79b-21d604c1aa0e\" href=\"https:\/\/isfd814-chu.infd.edu.ar\/sitio\/wp-content\/uploads\/2025\/06\/isfda814-convocatoria11.25.pdf\">isfda814-convocatoria11.25<\/a><a href=\"https:\/\/isfd814-chu.infd.edu.ar\/sitio\/wp-content\/uploads\/2025\/06\/isfda814-convocatoria11.25.pdf\" class=\"wp-block-file__button wp-element-button\" download aria-describedby=\"wp-block-file--media-b29271c3-e3d8-4ed9-a79b-21d604c1aa0e\">Descarga<\/a><\/div>\n\n\n\n<div class=\"wp-block-file\"><a id=\"wp-block-file--media-d5b8f187-3eb9-45f8-9a35-ded7cc0c2dc0\" href=\"https:\/\/isfd814-chu.infd.edu.ar\/sitio\/wp-content\/uploads\/2025\/06\/isfda814-convocatoria10.25.pdf\">isfda814-convocatoria10.25<\/a><a href=\"https:\/\/isfd814-chu.infd.edu.ar\/sitio\/wp-content\/uploads\/2025\/06\/isfda814-convocatoria10.25.pdf\" class=\"wp-block-file__button wp-element-button\" download aria-describedby=\"wp-block-file--media-d5b8f187-3eb9-45f8-9a35-ded7cc0c2dc0\">Descarga<\/a><\/div>\n\n\n\n<div class=\"wp-block-file\"><a id=\"wp-block-file--media-f4b29a90-15a0-4f5f-9082-f97d0a01a45e\" href=\"https:\/\/isfd814-chu.infd.edu.ar\/sitio\/wp-content\/uploads\/2025\/05\/convocatoria9.25.pdf\">convocatoria9.25<\/a><a href=\"https:\/\/isfd814-chu.infd.edu.ar\/sitio\/wp-content\/uploads\/2025\/05\/convocatoria9.25.pdf\" class=\"wp-block-file__button wp-element-button\" download aria-describedby=\"wp-block-file--media-f4b29a90-15a0-4f5f-9082-f97d0a01a45e\">Descarga<\/a><\/div>\n\n\n\n<div class=\"wp-block-file\"><a id=\"wp-block-file--media-7679c15f-0a6b-4cef-90fa-057c8e96626a\" href=\"https:\/\/isfd814-chu.infd.edu.ar\/sitio\/wp-content\/uploads\/2025\/05\/convocatoria-8.25.pdf\">convocatoria-8.25<\/a><a href=\"https:\/\/isfd814-chu.infd.edu.ar\/sitio\/wp-content\/uploads\/2025\/05\/convocatoria-8.25.pdf\" class=\"wp-block-file__button wp-element-button\" download aria-describedby=\"wp-block-file--media-7679c15f-0a6b-4cef-90fa-057c8e96626a\">Descarga<\/a><\/div>\n\n\n\n<div class=\"wp-block-file\"><a id=\"wp-block-file--media-ab97cfcc-b628-4ab7-b08d-f8f4df762386\" href=\"https:\/\/isfd814-chu.infd.edu.ar\/sitio\/wp-content\/uploads\/2025\/05\/Convocatoria-7.25.pdf\">Convocatoria-7.25<\/a><a href=\"https:\/\/isfd814-chu.infd.edu.ar\/sitio\/wp-content\/uploads\/2025\/05\/Convocatoria-7.25.pdf\" class=\"wp-block-file__button wp-element-button\" download aria-describedby=\"wp-block-file--media-ab97cfcc-b628-4ab7-b08d-f8f4df762386\">Descarga<\/a><\/div>\n\n\n\n<div class=\"wp-block-file\"><a id=\"wp-block-file--media-51910706-baee-4a77-8a5b-13886172c72d\" href=\"https:\/\/isfd814-chu.infd.edu.ar\/sitio\/wp-content\/uploads\/2025\/04\/convocatoria-6.25.pdf\">convocatoria-6.25<\/a><a href=\"https:\/\/isfd814-chu.infd.edu.ar\/sitio\/wp-content\/uploads\/2025\/04\/convocatoria-6.25.pdf\" class=\"wp-block-file__button wp-element-button\" download aria-describedby=\"wp-block-file--media-51910706-baee-4a77-8a5b-13886172c72d\">Descarga<\/a><\/div>\n\n\n\n<div class=\"wp-block-file\"><a id=\"wp-block-file--media-43293bda-83bf-496f-9534-415eeaf56d30\" href=\"https:\/\/isfd814-chu.infd.edu.ar\/sitio\/wp-content\/uploads\/2025\/04\/convocatoria-5.25.pdf\">convocatoria-5.25<\/a><a href=\"https:\/\/isfd814-chu.infd.edu.ar\/sitio\/wp-content\/uploads\/2025\/04\/convocatoria-5.25.pdf\" class=\"wp-block-file__button wp-element-button\" download aria-describedby=\"wp-block-file--media-43293bda-83bf-496f-9534-415eeaf56d30\">Descarga<\/a><\/div>\n\n\n\n<div class=\"wp-block-file\"><a id=\"wp-block-file--media-83db35d2-e132-4d5a-8d3d-872c3f3b5799\" href=\"https:\/\/isfd814-chu.infd.edu.ar\/sitio\/wp-content\/uploads\/2025\/04\/convocatoria-4.25.pdf\">convocatoria-4.25<\/a><a href=\"https:\/\/isfd814-chu.infd.edu.ar\/sitio\/wp-content\/uploads\/2025\/04\/convocatoria-4.25.pdf\" class=\"wp-block-file__button wp-element-button\" download aria-describedby=\"wp-block-file--media-83db35d2-e132-4d5a-8d3d-872c3f3b5799\">Descarga<\/a><\/div>\n\n\n\n<div class=\"wp-block-file\"><a id=\"wp-block-file--media-fa5fef42-942e-4c53-9fe3-f7c82051297e\" href=\"https:\/\/isfd814-chu.infd.edu.ar\/sitio\/wp-content\/uploads\/2025\/03\/convocatoria-3.25.pdf\">convocatoria-3.25<\/a><a href=\"https:\/\/isfd814-chu.infd.edu.ar\/sitio\/wp-content\/uploads\/2025\/03\/convocatoria-3.25.pdf\" class=\"wp-block-file__button wp-element-button\" download aria-describedby=\"wp-block-file--media-fa5fef42-942e-4c53-9fe3-f7c82051297e\">Descarga<\/a><\/div>\n\n\n\n<p><\/p>\n\n\n\n<div class=\"wp-block-file\"><a id=\"wp-block-file--media-211a31b5-c0bd-441c-bd10-c6412a8a2332\" href=\"https:\/\/isfd814-chu.infd.edu.ar\/sitio\/wp-content\/uploads\/2025\/03\/convocatoria-1.25.pdf\">convocatoria-1.25<\/a><a href=\"https:\/\/isfd814-chu.infd.edu.ar\/sitio\/wp-content\/uploads\/2025\/03\/convocatoria-1.25.pdf\" class=\"wp-block-file__button wp-element-button\" download aria-describedby=\"wp-block-file--media-211a31b5-c0bd-441c-bd10-c6412a8a2332\">Descarga<\/a><\/div>\n\n\n\n<p><\/p>\n\n\n\n<div class=\"wp-block-file\"><a id=\"wp-block-file--media-a240a03c-d88b-40fe-a042-dff1b5c2111f\" href=\"https:\/\/isfd814-chu.infd.edu.ar\/sitio\/wp-content\/uploads\/2025\/03\/convocatoria-2.25.pdf\">convocatoria-2.25<\/a><a href=\"https:\/\/isfd814-chu.infd.edu.ar\/sitio\/wp-content\/uploads\/2025\/03\/convocatoria-2.25.pdf\" class=\"wp-block-file__button wp-element-button\" download aria-describedby=\"wp-block-file--media-a240a03c-d88b-40fe-a042-dff1b5c2111f\">Descarga<\/a><\/div>\n\n\n\n<p><\/p>\n","protected":false},"excerpt":{"rendered":"<p>La documentaci\u00f3n para la elaboraci\u00f3n de los proyectos se encuentran debajo de los documentos de llamado a concurso en esta misma p\u00e1gina. CONCURSOS VIGENTES Gu\u00eda para la elaboraci\u00f3n de proyectos Documentos para la elaboraci\u00f3n de proyectos Descriptor de Fav Canto 1 Descarga Descriptor de FAV Guitarra Descarga Planillas de Evaluaci\u00f3n de Proyectos Dise\u00f1os Curriculares Documentos &#8230; <a title=\"Concursos docentes\" class=\"read-more\" href=\"https:\/\/isfd814-chu.infd.edu.ar\/sitio\/concursos-docentes\/\" aria-label=\"More on Concursos docentes\">[+]<\/a><\/p>\n","protected":false},"author":57,"featured_media":0,"parent":0,"menu_order":0,"comment_status":"closed","ping_status":"closed","template":"","meta":[],"acf":[],"_links":{"self":[{"href":"https:\/\/isfd814-chu.infd.edu.ar\/sitio\/wp-json\/wp\/v2\/pages\/921"}],"collection":[{"href":"https:\/\/isfd814-chu.infd.edu.ar\/sitio\/wp-json\/wp\/v2\/pages"}],"about":[{"href":"https:\/\/isfd814-chu.infd.edu.ar\/sitio\/wp-json\/wp\/v2\/types\/page"}],"author":[{"embeddable":true,"href":"https:\/\/isfd814-chu.infd.edu.ar\/sitio\/wp-json\/wp\/v2\/users\/57"}],"replies":[{"embeddable":true,"href":"https:\/\/isfd814-chu.infd.edu.ar\/sitio\/wp-json\/wp\/v2\/comments?post=921"}],"version-history":[{"count":373,"href":"https:\/\/isfd814-chu.infd.edu.ar\/sitio\/wp-json\/wp\/v2\/pages\/921\/revisions"}],"predecessor-version":[{"id":6703,"href":"https:\/\/isfd814-chu.infd.edu.ar\/sitio\/wp-json\/wp\/v2\/pages\/921\/revisions\/6703"}],"wp:attachment":[{"href":"https:\/\/isfd814-chu.infd.edu.ar\/sitio\/wp-json\/wp\/v2\/media?parent=921"}],"curies":[{"name":"wp","href":"https:\/\/api.w.org\/{rel}","templated":true}]}}