{"id":909,"date":"2018-07-02T18:38:52","date_gmt":"2018-07-02T21:38:52","guid":{"rendered":"https:\/\/isfd814-chu.infd.edu.ar\/sitio\/ofertas-educativas\/"},"modified":"2025-12-04T21:30:52","modified_gmt":"2025-12-05T00:30:52","slug":"ofertas-educativas","status":"publish","type":"page","link":"https:\/\/isfd814-chu.infd.edu.ar\/sitio\/ofertas-educativas\/","title":{"rendered":"Ofertas Educativas"},"content":{"rendered":"<ul>\n<li style=\"text-align: left;\"><a href=\"https:\/\/isfd814-chu.infd.edu.ar\/sitio\/profesorado-de-musica\/\" target=\"_blank\" rel=\"noopener\"><span style=\"color: #0000ff;\"><strong>Profesorado de M\u00fasica<\/strong><\/span><\/a><\/li>\n<li><a href=\"https:\/\/isfd814-chu.infd.edu.ar\/sitio\/profesorado-de-artes-visuales\/\" target=\"_blank\" rel=\"noopener\"><span style=\"color: #0000ff;\"><strong>Profesorado de Artes Visuales<\/strong><\/span><\/a><\/li>\n<li style=\"text-align: left;\"><a href=\"https:\/\/isfd814-chu.infd.edu.ar\/sitio\/profesorado-de-teatro\/\" target=\"_blank\" rel=\"noopener\"><span style=\"color: #0000ff;\"><strong>Profesorado de Teatro<\/strong><\/span><\/a><\/li>\n<li style=\"text-align: left;\"><a href=\"https:\/\/isfd814-chu.infd.edu.ar\/sitio\/profesorado-de-danzas-folkloricas\/\" target=\"_blank\" rel=\"noopener\"><span style=\"color: #0000ff;\"><strong>Profesorado de Danzas folkl\u00f3ricas<\/strong><\/span><\/a><\/li>\n<li style=\"text-align: left;\"><a href=\"https:\/\/isfd814-chu.infd.edu.ar\/sitio\/trayectos-artisticos-profesionales\/\" target=\"_blank\" rel=\"noopener\"><span style=\"color: #0000ff;\"><strong>Fav (Formaci\u00f3n Art\u00edstica vocacional)<\/strong><\/span><\/a><\/li>\n<li style=\"text-align: left;\"><a href=\"https:\/\/isfd814-chu.infd.edu.ar\/sitio\/elencos-2\/\" target=\"_blank\" rel=\"noopener\"><span style=\"color: #0000ff;\"><strong>Elencos<\/strong><\/span><\/a><\/li>\n<li style=\"text-align: left;\"><a href=\"https:\/\/isfd814-chu.infd.edu.ar\/sitio\/talleres-de-inclusion\/\" target=\"_blank\" rel=\"noopener\"><span style=\"color: #0000ff;\"><strong>Inclusi\u00f3n<\/strong><\/span><\/a><\/li>\n<li><span style=\"color: #0000ff;\"><a style=\"color: #0000ff;\" href=\"https:\/\/isfd814-chu.infd.edu.ar\/sitio\/ofertas-educativas\/\"><strong>Luther\u00eda<\/strong><\/a><\/span><\/li>\n<li style=\"text-align: left;\"><a href=\"https:\/\/isfd814-chu.infd.edu.ar\/sitio\/catedras-abiertas-2024\/\" target=\"_blank\" rel=\"noopener\"><span style=\"color: #0000ff;\"><strong>C\u00e1tedras abiertas<\/strong><\/span><\/a><\/li>\n<\/ul>\n","protected":false},"excerpt":{"rendered":"<p>Profesorado de M\u00fasica Profesorado de Artes Visuales Profesorado de Teatro Profesorado de Danzas folkl\u00f3ricas Fav (Formaci\u00f3n Art\u00edstica vocacional) Elencos Inclusi\u00f3n Luther\u00eda C\u00e1tedras abiertas<\/p>\n","protected":false},"author":57,"featured_media":0,"parent":0,"menu_order":0,"comment_status":"closed","ping_status":"closed","template":"","meta":[],"acf":[],"_links":{"self":[{"href":"https:\/\/isfd814-chu.infd.edu.ar\/sitio\/wp-json\/wp\/v2\/pages\/909"}],"collection":[{"href":"https:\/\/isfd814-chu.infd.edu.ar\/sitio\/wp-json\/wp\/v2\/pages"}],"about":[{"href":"https:\/\/isfd814-chu.infd.edu.ar\/sitio\/wp-json\/wp\/v2\/types\/page"}],"author":[{"embeddable":true,"href":"https:\/\/isfd814-chu.infd.edu.ar\/sitio\/wp-json\/wp\/v2\/users\/57"}],"replies":[{"embeddable":true,"href":"https:\/\/isfd814-chu.infd.edu.ar\/sitio\/wp-json\/wp\/v2\/comments?post=909"}],"version-history":[{"count":9,"href":"https:\/\/isfd814-chu.infd.edu.ar\/sitio\/wp-json\/wp\/v2\/pages\/909\/revisions"}],"predecessor-version":[{"id":6527,"href":"https:\/\/isfd814-chu.infd.edu.ar\/sitio\/wp-json\/wp\/v2\/pages\/909\/revisions\/6527"}],"wp:attachment":[{"href":"https:\/\/isfd814-chu.infd.edu.ar\/sitio\/wp-json\/wp\/v2\/media?parent=909"}],"curies":[{"name":"wp","href":"https:\/\/api.w.org\/{rel}","templated":true}]}}