{"id":905,"date":"2018-07-02T18:38:50","date_gmt":"2018-07-02T21:38:50","guid":{"rendered":"https:\/\/isfd814-chu.infd.edu.ar\/sitio\/el-instituto\/"},"modified":"2025-10-16T01:15:49","modified_gmt":"2025-10-16T04:15:49","slug":"el-instituto","status":"publish","type":"page","link":"https:\/\/isfd814-chu.infd.edu.ar\/sitio\/el-instituto\/","title":{"rendered":"El Instituto"},"content":{"rendered":"<p style=\"text-align: center;\"><strong>Nuestra Escuela de Artes<\/strong><\/p>\n<p>El I<em><strong>nstituto Superior de Formaci\u00f3n Docente Art\u00edstica, ISFDA N\u00b0 814<\/strong><\/em>, o <em><strong>Escuela de Arte de la Cordillera<\/strong><\/em> dependiente del Ministerio de Educaci\u00f3n de la Provincia de Chubut, es una instituci\u00f3n p\u00fablica y gratuita con la que contamos en nuestra localidad desde hace m\u00e1s de veinte a\u00f1os. En la actualidad ofrece cuatro carreras de formaci\u00f3n docente: <strong>Profesorados de <a href=\"https:\/\/isfd814-chu.infd.edu.ar\/sitio\/profesorado-de-artes-visuales\/\" target=\"_blank\" rel=\"noopener\">Artes Visuales<\/a>, <a href=\"https:\/\/isfd814-chu.infd.edu.ar\/sitio\/profesorado-de-musica\/\" target=\"_blank\" rel=\"noopener\">M\u00fasica<\/a>, <a href=\"https:\/\/isfd814-chu.infd.edu.ar\/sitio\/profesorado-de-teatro\/\" target=\"_blank\" rel=\"noopener\">Teatro<\/a> y <a href=\"https:\/\/isfd814-chu.infd.edu.ar\/sitio\/profesorado-de-danzas-folkloricas\/\" target=\"_blank\" rel=\"noopener\">Danzas con orientaci\u00f3n en danzas folkl\u00f3ricas<\/a><\/strong> y una enorme variedad de <a href=\"https:\/\/isfd814-chu.infd.edu.ar\/sitio\/trayectos-artisticos-profesionales\/\" target=\"_blank\" rel=\"noopener\"><em><strong>talleres, trayectos y <\/strong><\/em><\/a><a href=\"https:\/\/isfd814-chu.infd.edu.ar\/sitio\/elencos-2\/\" target=\"_blank\" rel=\"noopener\"><em><strong>elencos de formaci\u00f3n art\u00edstica vocacional (FAV)<\/strong><\/em><\/a>para variadas edades y en todos los lenguajes del arte, incluida la <em><strong>escuela de Luther\u00eda<\/strong><\/em> que es \u00fanica en sus caracter\u00edsticas en la Patagonia.<\/p>\n<p>Nacida en 2002 como una propuesta vocacional y desprendida del ISFDA N\u00b0 805 de la ciudad de Trelew, nuestra escuela funcion\u00f3 en sus comienzos en el edificio de la Escuela 109 del Paraje Entre R\u00edos de la localidad de Lago Puelo y actualmente mantiene este espacio como una de las sedes junto con el anexo en la Escuela N\u00b0 223 de El Hoyo. La secretar\u00eda administrativa y sede central funcionan en la Escuela N\u00b0 194 de la Isla Norte de Lago Puelo en el horario vespertino. Desde hace unos a\u00f1os tambi\u00e9n la Escuela N\u00b0 788 es extensi\u00f3n \u00e1ulica de varios espacios de la FAV y profesorados.<\/p>\n<p>El equipo directivo en la actualidad est\u00e1 conformado por una directora, una vicedirectora y una secretaria acad\u00e9mica junto con un equipo de coordinaciones que conforman el equipo de gesti\u00f3n 2023 &#8211; 2027.<\/p>\n<p style=\"padding-left: 40px;\"><strong>Directora: Lic. Mar\u00eda de los \u00c1ngeles Calero<\/strong><br \/>\n<strong>Vicedirectora: Prof. Gabriela Durand <\/strong><br \/>\n<strong>Secretaria acad\u00e9mica: Prof. Natalia Manuel<\/strong><\/p>\n<p>El ISFDA N\u00b0 814 ha sido pionero en formaci\u00f3n docente y es referencia fundamental para la producci\u00f3n de conocimientos art\u00edsticos y promotora de experiencias en arte en la Regi\u00f3n, recibiendo cada a\u00f1o en los profesorados a una gran cantidad de estudiantes que provienen de la zona rural y de diferentes comunidades de la meseta y la cordillera. Adem\u00e1s, resulta un espacio clave para la formaci\u00f3n continua de docentes de artes de la Regi\u00f3n 1 ofreciendo distintas capacitaciones, cursos y c\u00e1tedras abiertas para profesionales de la ense\u00f1anza del arte que ya est\u00e1n trabajando en las escuelas.<\/p>\n<p>El proyecto institucional de la FAV (Formaci\u00f3n Art\u00edstica Vocacional) 2023 \u2013 2026 incluye una amplia oferta de talleres y trayectos formativos, as\u00ed como los elencos y la escuela de Luther\u00eda.<\/p>\n<p>La FAV en M\u00fasica cuenta con una formaci\u00f3n de tres a\u00f1os en Lenguaje, Ensamble, Inform\u00e1tica aplicada a la m\u00fasica e instrumentos (guitarra, guitarra el\u00e9ctrica, teclado, piano, canto, viol\u00edn, acorde\u00f3n, saxo, bajo, bater\u00eda, percusi\u00f3n, contrabajo, flauta, entre otros) en los niveles de Infantil, Iniciaci\u00f3n, j\u00f3venes y adultos.<\/p>\n<p>La FAV en Artes Visuales ofrece talleres de Dibujo, Pintura, Escultura, Grabado, Cer\u00e1mica, Objetos de Dise\u00f1o, Dibujo y medios digitales, entre otras propuestas desde las infancias, hasta j\u00f3venes y adultos.<\/p>\n<p>La FAV en Teatro ofrece talleres de iniciaci\u00f3n infantil, de j\u00f3venes y adultos, as\u00ed como talleres que luego conforman elencos.<br \/>\nDesde hace muchos a\u00f1os funcionan talleres con perspectiva de inclusi\u00f3n para personas con y sin discapacidad como el Taller de danzas inclusiva y el Taller de arte integrador.<\/p>\n<p>Los elencos de nuestra escuela surgen como desarrollo de las trayectorias estudiantiles en la FAV. Contamos con los siguientes elencos: Banda de vientos, Banda de rock, Orquesta, Coro, Percusi\u00f3n, Ensamble de guitarras, M\u00fasica Antigua, Danzas Folkl\u00f3ricas, Folklore instrumental, Radioteatro y Teatro. Estos elencos nos representan como escuela de arte y recorren diferentes localidades e instituciones p\u00fablicas llegando con el lenguaje art\u00edsticos a todos los rincones de nuestra Regi\u00f3n.<\/p>\n<p>Desde el a\u00f1o 2023 se ha promovido la extensi\u00f3n de las ofertas de la FAV en diferentes espacios de la comunidad como las Direcciones de Cultura de las Municipalidades de Lago Puelo y El Hoyo, Clubes de barrio, Centros de Adultos Mayores, bibliotecas y escuelas. Estos talleres son los denominados \u201ctalleres externos\u201d y nos han permitido incluir a una poblaci\u00f3n m\u00e1s amplia y diversa al aprendizaje del arte.<\/p>\n<p>La escuela de Luther\u00eda funciona de lunes a viernes de 17 a 22 hs y los s\u00e1bados de 9 a 12 hs en el taller que se encuentra en el Paraje Entre R\u00edos, en el predio de la Escuela N\u00b0 109. El taller de Luther\u00eda ofrece una formaci\u00f3n integral en cord\u00f3fonos (construcci\u00f3n de violines, violas, guitarras, entre otros) as\u00ed como tambi\u00e9n un servicio de reparaci\u00f3n de instrumentos para las orquestas e instituciones de la localidad y del p\u00fablico en general. Estos espacios est\u00e1n a cargo de los luthieres Gustavo Martino y Marcelo Carrizo. Los d\u00edas jueves se ofrece un taller de construcci\u00f3n y reparaci\u00f3n de instrumentos de percusi\u00f3n (tambores y bombos) a cargo de Leandro Alonso.<\/p>\n<p>Algunos de los proyectos institucionales m\u00e1s importantes de nuestra escuela son: el <a href=\"https:\/\/isfd814-chu.infd.edu.ar\/sitio\/programas-de-radio-2025\/\" target=\"_blank\" rel=\"noopener\">Programa Institucional de Radio del ISFDA N\u00b0 814<\/a> que se emite semanalmente por diferentes radios de la regi\u00f3n llegando con este medio a todas las localidades de la Comarca; el proyecto de <a href=\"https:\/\/isfd814-chu.infd.edu.ar\/sitio\/videos-semana-de-las-artes-2025\/\" target=\"_blank\" rel=\"noopener\">Semana de las artes<\/a> que se lleva a cabo en el mes de septiembre con objetivos que persiguen la articulaci\u00f3n interna entre FAV y Profesorados as\u00ed como la vinculaci\u00f3n del instituto con las escuelas asociadas y la comunidad en general. Con este proyecto, el ISFDA N\u00b0 814 se convierte en un polo educativo y art\u00edstico de gran impacto para la comunidad ofreciendo propuestas para todas las edades totalmente gratis.<\/p>\n<p>Tambi\u00e9n el Anexo de El Hoyo tiene sus proyectos caracter\u00edsticos ofreciendo una participaci\u00f3n muy importante en la Feria del Libro que organiza anualmente el Ministerio de Educaci\u00f3n en la Escuela N\u00b0 734 y el proyecto institucional de LA PE\u00d1A DEL ANEXO que se realiza anualmente en el mes de octubre promoviendo la integraci\u00f3n de nuestra escuela con la comunidad educativa de El Hoyo.<br \/>\nSi bien los proyectos de gesti\u00f3n se renuevan con las diferentes elecciones de Equipos Directivos, existe una fuerte cultura institucional comprometida con los lenguajes art\u00edsticos y la historia regional que le da una identidad muy relevante a la escuela dentro de la Comarca. Este equipo de gesti\u00f3n asumi\u00f3 en 2023 un compromiso con la ense\u00f1anza del arte desde una perspectiva inclusiva, situada, intercultural y con el eje central puesto en la defensa del derecho a la educaci\u00f3n p\u00fablica de calidad.<\/p>\n","protected":false},"excerpt":{"rendered":"<p>Nuestra Escuela de Artes El Instituto Superior de Formaci\u00f3n Docente Art\u00edstica, ISFDA N\u00b0 814, o Escuela de Arte de la Cordillera dependiente del Ministerio de Educaci\u00f3n de la Provincia de Chubut, es una instituci\u00f3n p\u00fablica y gratuita con la que contamos en nuestra localidad desde hace m\u00e1s de veinte a\u00f1os. En la actualidad ofrece cuatro &#8230; <a title=\"El Instituto\" class=\"read-more\" href=\"https:\/\/isfd814-chu.infd.edu.ar\/sitio\/el-instituto\/\" aria-label=\"More on El Instituto\">[+]<\/a><\/p>\n","protected":false},"author":48,"featured_media":0,"parent":0,"menu_order":0,"comment_status":"closed","ping_status":"closed","template":"","meta":[],"acf":[],"_links":{"self":[{"href":"https:\/\/isfd814-chu.infd.edu.ar\/sitio\/wp-json\/wp\/v2\/pages\/905"}],"collection":[{"href":"https:\/\/isfd814-chu.infd.edu.ar\/sitio\/wp-json\/wp\/v2\/pages"}],"about":[{"href":"https:\/\/isfd814-chu.infd.edu.ar\/sitio\/wp-json\/wp\/v2\/types\/page"}],"author":[{"embeddable":true,"href":"https:\/\/isfd814-chu.infd.edu.ar\/sitio\/wp-json\/wp\/v2\/users\/48"}],"replies":[{"embeddable":true,"href":"https:\/\/isfd814-chu.infd.edu.ar\/sitio\/wp-json\/wp\/v2\/comments?post=905"}],"version-history":[{"count":4,"href":"https:\/\/isfd814-chu.infd.edu.ar\/sitio\/wp-json\/wp\/v2\/pages\/905\/revisions"}],"predecessor-version":[{"id":6285,"href":"https:\/\/isfd814-chu.infd.edu.ar\/sitio\/wp-json\/wp\/v2\/pages\/905\/revisions\/6285"}],"wp:attachment":[{"href":"https:\/\/isfd814-chu.infd.edu.ar\/sitio\/wp-json\/wp\/v2\/media?parent=905"}],"curies":[{"name":"wp","href":"https:\/\/api.w.org\/{rel}","templated":true}]}}