{"id":2015,"date":"2019-11-27T19:08:58","date_gmt":"2019-11-27T22:08:58","guid":{"rendered":"https:\/\/isfd814-chu.infd.edu.ar\/sitio\/?page_id=2015"},"modified":"2023-05-08T20:17:16","modified_gmt":"2023-05-08T23:17:16","slug":"profesorado-de-danzas-folkloricas","status":"publish","type":"page","link":"https:\/\/isfd814-chu.infd.edu.ar\/sitio\/profesorado-de-danzas-folkloricas\/","title":{"rendered":"Profesorado de Danzas folkl\u00f3ricas"},"content":{"rendered":"<h2 style=\"text-align: center;\"><span style=\"color: #0000ff;\">Profesorado de Danzas folkl\u00f3ricas<\/span><\/h2>\n<p><i><b>Descripci\u00f3n de la Carrera<\/b><\/i><\/p>\n<p>Denominaci\u00f3n: Profesorado de Danzas folkl\u00f3ricas<br \/>Titulo a otorgar: Profesor\/a de Danzas folkl\u00f3ricas<br \/>Duraci\u00f3n de la carrera: 4 (cuatro) a\u00f1os acad\u00e9micos<br \/>Carga horaria total de la carrera: 4176 horas c\u00e1tedra \/ 2784 horas reloj<br \/>Nivel o modalidad para el cual habilita: Educaci\u00f3n Art\u00edstica; Educaci\u00f3n Inicial, Educaci\u00f3n Primaria, Educaci\u00f3n Secundaria, Educaci\u00f3n Especial<\/p>\n<p><strong><em>Dise\u00f1o Curricular<\/em><\/strong><\/p>\n<p><a href=\"https:\/\/isfd814-chu.infd.edu.ar\/sitio\/wp-content\/uploads\/2019\/12\/Anexo-I-DC-Profesorado-de-Danza-or.-D.-Folk.pdf\">Dise\u00f1o curricular del Profesorado de Danzas Folkl\u00f3ricas<\/a><\/p>\n<h4 style=\"text-align: center;\">Plan de estudios<\/h4>\n\n\n<figure class=\"wp-block-image size-full\"><img decoding=\"async\" loading=\"lazy\" width=\"816\" height=\"1344\" src=\"https:\/\/isfd814-chu.infd.edu.ar\/sitio\/wp-content\/uploads\/2023\/05\/Danzas-Plan-de-estudio.jpg\" alt=\"\" class=\"wp-image-3396\" srcset=\"https:\/\/isfd814-chu.infd.edu.ar\/sitio\/wp-content\/uploads\/2023\/05\/Danzas-Plan-de-estudio.jpg 816w, https:\/\/isfd814-chu.infd.edu.ar\/sitio\/wp-content\/uploads\/2023\/05\/Danzas-Plan-de-estudio-607x1000.jpg 607w, https:\/\/isfd814-chu.infd.edu.ar\/sitio\/wp-content\/uploads\/2023\/05\/Danzas-Plan-de-estudio-768x1265.jpg 768w\" sizes=\"(max-width: 816px) 100vw, 816px\" \/><\/figure>\n","protected":false},"excerpt":{"rendered":"<p>Profesorado de Danzas folkl\u00f3ricas Descripci\u00f3n de la Carrera Denominaci\u00f3n: Profesorado de Danzas folkl\u00f3ricasTitulo a otorgar: Profesor\/a de Danzas folkl\u00f3ricasDuraci\u00f3n de la carrera: 4 (cuatro) a\u00f1os acad\u00e9micosCarga horaria total de la carrera: 4176 horas c\u00e1tedra \/ 2784 horas relojNivel o modalidad para el cual habilita: Educaci\u00f3n Art\u00edstica; Educaci\u00f3n Inicial, Educaci\u00f3n Primaria, Educaci\u00f3n Secundaria, Educaci\u00f3n Especial Dise\u00f1o &#8230; <a title=\"Profesorado de Danzas folkl\u00f3ricas\" class=\"read-more\" href=\"https:\/\/isfd814-chu.infd.edu.ar\/sitio\/profesorado-de-danzas-folkloricas\/\" aria-label=\"More on Profesorado de Danzas folkl\u00f3ricas\">[+]<\/a><\/p>\n","protected":false},"author":57,"featured_media":0,"parent":0,"menu_order":0,"comment_status":"closed","ping_status":"closed","template":"","meta":[],"acf":[],"_links":{"self":[{"href":"https:\/\/isfd814-chu.infd.edu.ar\/sitio\/wp-json\/wp\/v2\/pages\/2015"}],"collection":[{"href":"https:\/\/isfd814-chu.infd.edu.ar\/sitio\/wp-json\/wp\/v2\/pages"}],"about":[{"href":"https:\/\/isfd814-chu.infd.edu.ar\/sitio\/wp-json\/wp\/v2\/types\/page"}],"author":[{"embeddable":true,"href":"https:\/\/isfd814-chu.infd.edu.ar\/sitio\/wp-json\/wp\/v2\/users\/57"}],"replies":[{"embeddable":true,"href":"https:\/\/isfd814-chu.infd.edu.ar\/sitio\/wp-json\/wp\/v2\/comments?post=2015"}],"version-history":[{"count":4,"href":"https:\/\/isfd814-chu.infd.edu.ar\/sitio\/wp-json\/wp\/v2\/pages\/2015\/revisions"}],"predecessor-version":[{"id":3397,"href":"https:\/\/isfd814-chu.infd.edu.ar\/sitio\/wp-json\/wp\/v2\/pages\/2015\/revisions\/3397"}],"wp:attachment":[{"href":"https:\/\/isfd814-chu.infd.edu.ar\/sitio\/wp-json\/wp\/v2\/media?parent=2015"}],"curies":[{"name":"wp","href":"https:\/\/api.w.org\/{rel}","templated":true}]}}